{"id":6240,"date":"2026-02-08T10:41:34","date_gmt":"2026-02-08T13:41:34","guid":{"rendered":"https:\/\/uanormal1-bue.infd.edu.ar\/sitio\/?page_id=6240"},"modified":"2026-02-10T10:22:27","modified_gmt":"2026-02-10T13:22:27","slug":"curso-de-actualizacion-en-matematica","status":"publish","type":"page","link":"https:\/\/uanormal1-bue.infd.edu.ar\/sitio\/curso-de-actualizacion-en-matematica\/","title":{"rendered":"Curso de actualizaci\u00f3n en Matem\u00e1tica"},"content":{"rendered":"\n<h4 class=\"wp-block-heading\">Material de referencia<\/h4>\n\n\n\n<div class=\"wp-block-columns is-layout-flex wp-container-3\">\n<div class=\"wp-block-column is-layout-flow\" style=\"flex-basis:250px\">\n<figure class=\"wp-block-image size-full is-resized\"><a href=\"https:\/\/drive.google.com\/file\/d\/1CD7T86_J_olBlxnHXxCRL-IsOp6nlSCS\/view?usp=sharing\" target=\"_blank\" rel=\"noreferrer noopener\"><img decoding=\"async\" loading=\"lazy\" src=\"https:\/\/uanormal1-bue.infd.edu.ar\/sitio\/wp-content\/uploads\/2026\/02\/Captura-desde-2026-02-10-09-59-05-1.png\" alt=\"\" class=\"wp-image-6249\" width=\"225\" height=\"317\"\/><\/a><\/figure>\n<\/div>\n\n\n\n<div class=\"wp-block-column is-layout-flow\">\n<p><strong>Secciones seleccionadas:<\/strong><\/p>\n\n\n\n<p>Operaciones 1: p\u00e1gina 45<\/p>\n\n\n\n<p>Operaciones 2: p\u00e1gina 61<\/p>\n\n\n\n<p>Fracciones: p\u00e1gina 73<\/p>\n\n\n\n<p>Expresiones decimales: p\u00e1gina 76<\/p>\n\n\n\n<p>Figuras geom\u00e9tricas 1: p\u00e1gina 50<\/p>\n\n\n\n<p>Figuras geom\u00e9tricas 2: p\u00e1gina 65<\/p>\n<\/div>\n<\/div>\n\n\n\n<h4 class=\"wp-block-heading\">Otros textos de consulta<\/h4>\n\n\n\n<div class=\"wp-block-columns is-layout-flex wp-container-8\">\n<div class=\"wp-block-column is-layout-flow\">\n<figure class=\"wp-block-image size-full is-resized\"><a href=\"https:\/\/drive.google.com\/file\/d\/16vu7NNicpaIOza0-1onVe_czf28-5vgn\/view\" target=\"_blank\" rel=\"noreferrer noopener\"><img decoding=\"async\" loading=\"lazy\" src=\"https:\/\/uanormal1-bue.infd.edu.ar\/sitio\/wp-content\/uploads\/2026\/02\/Captura-desde-2026-02-08-10-34-30-1.png\" alt=\"\" class=\"wp-image-6253\" width=\"160\" height=\"206\"\/><\/a><\/figure>\n<\/div>\n\n\n\n<div class=\"wp-block-column is-layout-flow\">\n<figure class=\"wp-block-image size-full is-resized\"><a href=\"https:\/\/drive.google.com\/file\/d\/13nC1-h905izD8KR3udihLtC28Y3BB62T\/view\" target=\"_blank\" rel=\"noreferrer noopener\"><img decoding=\"async\" loading=\"lazy\" src=\"https:\/\/uanormal1-bue.infd.edu.ar\/sitio\/wp-content\/uploads\/2026\/02\/Captura-desde-2026-02-08-10-34-46-1.png\" alt=\"\" class=\"wp-image-6254\" width=\"162\" height=\"209\"\/><\/a><\/figure>\n<\/div>\n\n\n\n<div class=\"wp-block-column is-layout-flow\">\n<figure class=\"wp-block-image size-full is-resized\"><a href=\"https:\/\/drive.google.com\/file\/d\/13nC1-h905izD8KR3udihLtC28Y3BB62T\/view\" target=\"_blank\" rel=\"noreferrer noopener\"><img decoding=\"async\" loading=\"lazy\" src=\"https:\/\/uanormal1-bue.infd.edu.ar\/sitio\/wp-content\/uploads\/2026\/02\/Captura-desde-2026-02-08-10-35-44-2.png\" alt=\"\" class=\"wp-image-6255\" width=\"157\" height=\"214\"\/><\/a><\/figure>\n<\/div>\n\n\n\n<div class=\"wp-block-column is-layout-flow\">\n<figure class=\"wp-block-image size-full is-resized\"><a href=\"https:\/\/drive.google.com\/file\/d\/1HGFgBSNwNV-5nVqz2HFwfxVfRerBro6r\/view?usp=sharing\" target=\"_blank\" rel=\"noreferrer noopener\"><img decoding=\"async\" loading=\"lazy\" src=\"https:\/\/uanormal1-bue.infd.edu.ar\/sitio\/wp-content\/uploads\/2026\/02\/Captura-desde-2026-02-10-10-13-34.png\" alt=\"\" class=\"wp-image-6256\" width=\"162\" height=\"218\"\/><\/a><\/figure>\n<\/div>\n<\/div>\n","protected":false},"excerpt":{"rendered":"<p>Material de referencia Secciones seleccionadas: Operaciones 1: p\u00e1gina 45 Operaciones 2: p\u00e1gina 61 Fracciones: p\u00e1gina 73 Expresiones decimales: p\u00e1gina 76 Figuras geom\u00e9tricas 1: p\u00e1gina 50 Figuras geom\u00e9tricas 2: p\u00e1gina 65 Otros textos de consulta<\/p>\n","protected":false},"author":1244,"featured_media":0,"parent":0,"menu_order":0,"comment_status":"closed","ping_status":"closed","template":"","meta":[],"acf":[],"_links":{"self":[{"href":"https:\/\/uanormal1-bue.infd.edu.ar\/sitio\/wp-json\/wp\/v2\/pages\/6240"}],"collection":[{"href":"https:\/\/uanormal1-bue.infd.edu.ar\/sitio\/wp-json\/wp\/v2\/pages"}],"about":[{"href":"https:\/\/uanormal1-bue.infd.edu.ar\/sitio\/wp-json\/wp\/v2\/types\/page"}],"author":[{"embeddable":true,"href":"https:\/\/uanormal1-bue.infd.edu.ar\/sitio\/wp-json\/wp\/v2\/users\/1244"}],"replies":[{"embeddable":true,"href":"https:\/\/uanormal1-bue.infd.edu.ar\/sitio\/wp-json\/wp\/v2\/comments?post=6240"}],"version-history":[{"count":6,"href":"https:\/\/uanormal1-bue.infd.edu.ar\/sitio\/wp-json\/wp\/v2\/pages\/6240\/revisions"}],"predecessor-version":[{"id":6262,"href":"https:\/\/uanormal1-bue.infd.edu.ar\/sitio\/wp-json\/wp\/v2\/pages\/6240\/revisions\/6262"}],"wp:attachment":[{"href":"https:\/\/uanormal1-bue.infd.edu.ar\/sitio\/wp-json\/wp\/v2\/media?parent=6240"}],"curies":[{"name":"wp","href":"https:\/\/api.w.org\/{rel}","templated":true}]}}