{"id":5993,"date":"2025-09-10T17:41:49","date_gmt":"2025-09-10T20:41:49","guid":{"rendered":"https:\/\/uanormal1-bue.infd.edu.ar\/sitio\/?page_id=5993"},"modified":"2025-09-11T11:30:23","modified_gmt":"2025-09-11T14:30:23","slug":"exalumnas-y-exalumnos","status":"publish","type":"page","link":"https:\/\/uanormal1-bue.infd.edu.ar\/sitio\/exalumnas-y-exalumnos\/","title":{"rendered":"Exalumnas y exalumnos"},"content":{"rendered":"\n<p>El d\u00eda 29 de agosto de 2025 tuvo lugar un encuentro de exalumnas y exalumnos, organizado por la Direcci\u00f3n de la Unidad Acad\u00e9mica junto con la Asociaci\u00f3n Cooperadora<\/p>\n\n\n\n<p>Entre las asistentes, contamos con la presencia de exalumnas de la promoci\u00f3n 1961 y 1963. El Coro de Adultos y el de J\u00f3venes se hicieron presente en la recepci\u00f3n. <\/p>\n\n\n\n<figure class=\"wp-block-image size-full is-resized\"><img decoding=\"async\" loading=\"lazy\" src=\"https:\/\/uanormal1-bue.infd.edu.ar\/sitio\/wp-content\/uploads\/2025\/09\/WhatsApp-Image-2025-09-10-at-6.16.23-PM.jpeg\" alt=\"\" class=\"wp-image-5999\" width=\"705\" height=\"396\" srcset=\"https:\/\/uanormal1-bue.infd.edu.ar\/sitio\/wp-content\/uploads\/2025\/09\/WhatsApp-Image-2025-09-10-at-6.16.23-PM.jpeg 1599w, https:\/\/uanormal1-bue.infd.edu.ar\/sitio\/wp-content\/uploads\/2025\/09\/WhatsApp-Image-2025-09-10-at-6.16.23-PM-1000x562.jpeg 1000w, https:\/\/uanormal1-bue.infd.edu.ar\/sitio\/wp-content\/uploads\/2025\/09\/WhatsApp-Image-2025-09-10-at-6.16.23-PM-768x432.jpeg 768w, https:\/\/uanormal1-bue.infd.edu.ar\/sitio\/wp-content\/uploads\/2025\/09\/WhatsApp-Image-2025-09-10-at-6.16.23-PM-1536x864.jpeg 1536w\" sizes=\"(max-width: 705px) 100vw, 705px\" \/><\/figure>\n\n\n\n<figure class=\"wp-block-image size-full is-resized\"><img decoding=\"async\" loading=\"lazy\" src=\"https:\/\/uanormal1-bue.infd.edu.ar\/sitio\/wp-content\/uploads\/2025\/09\/WhatsApp-Image-2025-09-10-at-6.16.23-PM1.jpeg\" alt=\"\" class=\"wp-image-6000\" width=\"703\" height=\"395\" srcset=\"https:\/\/uanormal1-bue.infd.edu.ar\/sitio\/wp-content\/uploads\/2025\/09\/WhatsApp-Image-2025-09-10-at-6.16.23-PM1.jpeg 1280w, https:\/\/uanormal1-bue.infd.edu.ar\/sitio\/wp-content\/uploads\/2025\/09\/WhatsApp-Image-2025-09-10-at-6.16.23-PM1-1000x563.jpeg 1000w, https:\/\/uanormal1-bue.infd.edu.ar\/sitio\/wp-content\/uploads\/2025\/09\/WhatsApp-Image-2025-09-10-at-6.16.23-PM1-768x432.jpeg 768w\" sizes=\"(max-width: 703px) 100vw, 703px\" \/><\/figure>\n\n\n\n<figure class=\"wp-block-image size-full is-resized\"><img decoding=\"async\" loading=\"lazy\" src=\"https:\/\/uanormal1-bue.infd.edu.ar\/sitio\/wp-content\/uploads\/2025\/09\/WhatsApp-Image-2025-09-10-at-6.16.24-PM.jpeg\" alt=\"\" class=\"wp-image-6001\" width=\"701\" height=\"526\" srcset=\"https:\/\/uanormal1-bue.infd.edu.ar\/sitio\/wp-content\/uploads\/2025\/09\/WhatsApp-Image-2025-09-10-at-6.16.24-PM.jpeg 1600w, https:\/\/uanormal1-bue.infd.edu.ar\/sitio\/wp-content\/uploads\/2025\/09\/WhatsApp-Image-2025-09-10-at-6.16.24-PM-1000x750.jpeg 1000w, https:\/\/uanormal1-bue.infd.edu.ar\/sitio\/wp-content\/uploads\/2025\/09\/WhatsApp-Image-2025-09-10-at-6.16.24-PM-768x576.jpeg 768w, https:\/\/uanormal1-bue.infd.edu.ar\/sitio\/wp-content\/uploads\/2025\/09\/WhatsApp-Image-2025-09-10-at-6.16.24-PM-1536x1152.jpeg 1536w\" sizes=\"(max-width: 701px) 100vw, 701px\" \/><\/figure>\n\n\n\n<figure class=\"wp-block-image size-full is-resized\"><img decoding=\"async\" loading=\"lazy\" src=\"https:\/\/uanormal1-bue.infd.edu.ar\/sitio\/wp-content\/uploads\/2025\/09\/WhatsApp-Image-2025-08-30-at-6.46.17-PM.jpeg\" alt=\"\" class=\"wp-image-6019\" width=\"701\" height=\"526\" srcset=\"https:\/\/uanormal1-bue.infd.edu.ar\/sitio\/wp-content\/uploads\/2025\/09\/WhatsApp-Image-2025-08-30-at-6.46.17-PM.jpeg 1280w, https:\/\/uanormal1-bue.infd.edu.ar\/sitio\/wp-content\/uploads\/2025\/09\/WhatsApp-Image-2025-08-30-at-6.46.17-PM-1000x750.jpeg 1000w, https:\/\/uanormal1-bue.infd.edu.ar\/sitio\/wp-content\/uploads\/2025\/09\/WhatsApp-Image-2025-08-30-at-6.46.17-PM-768x576.jpeg 768w\" sizes=\"(max-width: 701px) 100vw, 701px\" \/><\/figure>\n\n\n\n<figure class=\"wp-block-image size-full is-resized\"><img decoding=\"async\" loading=\"lazy\" src=\"https:\/\/uanormal1-bue.infd.edu.ar\/sitio\/wp-content\/uploads\/2025\/09\/WhatsApp-Image-2025-08-30-at-6.46.17-PM1.jpeg\" alt=\"\" class=\"wp-image-6017\" width=\"696\" height=\"522\" srcset=\"https:\/\/uanormal1-bue.infd.edu.ar\/sitio\/wp-content\/uploads\/2025\/09\/WhatsApp-Image-2025-08-30-at-6.46.17-PM1.jpeg 1280w, https:\/\/uanormal1-bue.infd.edu.ar\/sitio\/wp-content\/uploads\/2025\/09\/WhatsApp-Image-2025-08-30-at-6.46.17-PM1-1000x750.jpeg 1000w, https:\/\/uanormal1-bue.infd.edu.ar\/sitio\/wp-content\/uploads\/2025\/09\/WhatsApp-Image-2025-08-30-at-6.46.17-PM1-768x576.jpeg 768w\" sizes=\"(max-width: 696px) 100vw, 696px\" \/><\/figure>\n\n\n\n<p>Invitamos a exalumnas y exalumnos a completar un formulario donde dejar sus datos y poder tenerlos en cuenta para futuras comunicaciones.<\/p>\n\n\n\n<p><a href=\"https:\/\/forms.gle\/ZZeEs8JPZS6S4wrLA\">Formulario para inscripci\u00f3n de exalumnos y exalumnas<\/a><\/p>\n\n\n\n<p class=\"has-text-align-center has-text-color has-large-font-size\" style=\"color:#a32d7d\">Video institucional<\/p>\n\n\n\n<p class=\"has-text-align-center has-contrast-color has-text-color has-medium-font-size\"> Toque cualquiera de las im\u00e1genes para acceder al mismo.<\/p>\n\n\n\n<div class=\"wp-block-columns is-layout-flex wp-container-3\">\n<div class=\"wp-block-column is-layout-flow\">\n<figure class=\"wp-block-image size-full is-resized\"><a href=\"https:\/\/drive.google.com\/file\/d\/1Ezzilsh0o4Mjtb-IRDqEv7t5o3XRu0YL\/view?usp=sharing\"><img decoding=\"async\" loading=\"lazy\" src=\"https:\/\/uanormal1-bue.infd.edu.ar\/sitio\/wp-content\/uploads\/2025\/09\/Captura-desde-2025-09-10-18-27-41-1.png\" alt=\"\" class=\"wp-image-6012\" width=\"461\" height=\"583\" srcset=\"https:\/\/uanormal1-bue.infd.edu.ar\/sitio\/wp-content\/uploads\/2025\/09\/Captura-desde-2025-09-10-18-27-41-1.png 786w, https:\/\/uanormal1-bue.infd.edu.ar\/sitio\/wp-content\/uploads\/2025\/09\/Captura-desde-2025-09-10-18-27-41-1-768x973.png 768w\" sizes=\"(max-width: 461px) 100vw, 461px\" \/><\/a><\/figure>\n<\/div>\n\n\n\n<div class=\"wp-block-column is-layout-flow\">\n<figure class=\"wp-block-image size-full\"><a href=\"https:\/\/drive.google.com\/file\/d\/1Ezzilsh0o4Mjtb-IRDqEv7t5o3XRu0YL\/view?usp=sharing\"><img decoding=\"async\" loading=\"lazy\" width=\"1080\" height=\"1262\" src=\"https:\/\/uanormal1-bue.infd.edu.ar\/sitio\/wp-content\/uploads\/2025\/09\/WhatsApp-Image-2025-08-29-at-9.24.13-AM.jpeg\" alt=\"\" class=\"wp-image-6011\" srcset=\"https:\/\/uanormal1-bue.infd.edu.ar\/sitio\/wp-content\/uploads\/2025\/09\/WhatsApp-Image-2025-08-29-at-9.24.13-AM.jpeg 1080w, https:\/\/uanormal1-bue.infd.edu.ar\/sitio\/wp-content\/uploads\/2025\/09\/WhatsApp-Image-2025-08-29-at-9.24.13-AM-856x1000.jpeg 856w, https:\/\/uanormal1-bue.infd.edu.ar\/sitio\/wp-content\/uploads\/2025\/09\/WhatsApp-Image-2025-08-29-at-9.24.13-AM-768x897.jpeg 768w\" sizes=\"(max-width: 1080px) 100vw, 1080px\" \/><\/a><\/figure>\n<\/div>\n<\/div>\n\n\n\n<p class=\"has-medium-font-size\">Invitamos tambi\u00e9n a todas las exalumnas y a todos los exalumnos a acompa\u00f1ar el proyecto educativo del Normal 1 asoci\u00e1ndose a la <a href=\"https:\/\/uanormal1-bue.infd.edu.ar\/sitio\/cooperadora-escolar\/\">Cooperadora Escolar.<\/a><\/p>\n\n\n\n<p>Seguinos en Instagram: <a href=\"https:\/\/instagram.com\/normal_1_la_plata\">normal_1_la_plata<\/a><\/p>\n","protected":false},"excerpt":{"rendered":"<p>El d\u00eda 29 de agosto de 2025 tuvo lugar un encuentro de exalumnas y exalumnos, organizado por la Direcci\u00f3n de la Unidad Acad\u00e9mica junto con la Asociaci\u00f3n Cooperadora Entre las asistentes, contamos con la presencia de exalumnas de la promoci\u00f3n 1961 y 1963. El Coro de Adultos y el de J\u00f3venes se hicieron presente en &#8230; <a title=\"Exalumnas y exalumnos\" class=\"read-more\" href=\"https:\/\/uanormal1-bue.infd.edu.ar\/sitio\/exalumnas-y-exalumnos\/\" aria-label=\"More on Exalumnas y exalumnos\">[+]<\/a><\/p>\n","protected":false},"author":1244,"featured_media":0,"parent":0,"menu_order":0,"comment_status":"closed","ping_status":"closed","template":"","meta":[],"acf":[],"_links":{"self":[{"href":"https:\/\/uanormal1-bue.infd.edu.ar\/sitio\/wp-json\/wp\/v2\/pages\/5993"}],"collection":[{"href":"https:\/\/uanormal1-bue.infd.edu.ar\/sitio\/wp-json\/wp\/v2\/pages"}],"about":[{"href":"https:\/\/uanormal1-bue.infd.edu.ar\/sitio\/wp-json\/wp\/v2\/types\/page"}],"author":[{"embeddable":true,"href":"https:\/\/uanormal1-bue.infd.edu.ar\/sitio\/wp-json\/wp\/v2\/users\/1244"}],"replies":[{"embeddable":true,"href":"https:\/\/uanormal1-bue.infd.edu.ar\/sitio\/wp-json\/wp\/v2\/comments?post=5993"}],"version-history":[{"count":14,"href":"https:\/\/uanormal1-bue.infd.edu.ar\/sitio\/wp-json\/wp\/v2\/pages\/5993\/revisions"}],"predecessor-version":[{"id":6029,"href":"https:\/\/uanormal1-bue.infd.edu.ar\/sitio\/wp-json\/wp\/v2\/pages\/5993\/revisions\/6029"}],"wp:attachment":[{"href":"https:\/\/uanormal1-bue.infd.edu.ar\/sitio\/wp-json\/wp\/v2\/media?parent=5993"}],"curies":[{"name":"wp","href":"https:\/\/api.w.org\/{rel}","templated":true}]}}