{"id":5333,"date":"2024-05-19T19:58:59","date_gmt":"2024-05-19T22:58:59","guid":{"rendered":"https:\/\/uanormal1-bue.infd.edu.ar\/sitio\/?page_id=5333"},"modified":"2025-12-17T09:15:12","modified_gmt":"2025-12-17T12:15:12","slug":"cooperadora-escolar","status":"publish","type":"page","link":"https:\/\/uanormal1-bue.infd.edu.ar\/sitio\/cooperadora-escolar\/","title":{"rendered":"Cooperadora Escolar"},"content":{"rendered":"\n<figure class=\"wp-block-image size-full is-resized\"><img decoding=\"async\" loading=\"lazy\" src=\"https:\/\/uanormal1-bue.infd.edu.ar\/sitio\/wp-content\/uploads\/2025\/12\/bono-cooperadora.jpeg\" alt=\"\" class=\"wp-image-6191\" width=\"1021\" height=\"1340\" srcset=\"https:\/\/uanormal1-bue.infd.edu.ar\/sitio\/wp-content\/uploads\/2025\/12\/bono-cooperadora.jpeg 992w, https:\/\/uanormal1-bue.infd.edu.ar\/sitio\/wp-content\/uploads\/2025\/12\/bono-cooperadora-762x1000.jpeg 762w, https:\/\/uanormal1-bue.infd.edu.ar\/sitio\/wp-content\/uploads\/2025\/12\/bono-cooperadora-768x1007.jpeg 768w\" sizes=\"(max-width: 1021px) 100vw, 1021px\" \/><\/figure>\n\n\n\n<div class=\"wp-block-file\"><object class=\"wp-block-file__embed\" data=\"https:\/\/uanormal1-bue.infd.edu.ar\/sitio\/wp-content\/uploads\/2025\/12\/COOPERADORA-ACCIONES-2025.pdf\" type=\"application\/pdf\" style=\"width:100%;height:600px\" aria-label=\"Incrustado de COOPERADORA-ACCIONES-2025.\"><\/object><a id=\"wp-block-file--media-30c322bb-d886-456c-9a27-546dc1ca2923\" href=\"https:\/\/uanormal1-bue.infd.edu.ar\/sitio\/wp-content\/uploads\/2025\/12\/COOPERADORA-ACCIONES-2025.pdf\">COOPERADORA-ACCIONES-2025<\/a><a href=\"https:\/\/uanormal1-bue.infd.edu.ar\/sitio\/wp-content\/uploads\/2025\/12\/COOPERADORA-ACCIONES-2025.pdf\" class=\"wp-block-file__button wp-element-button\" download aria-describedby=\"wp-block-file--media-30c322bb-d886-456c-9a27-546dc1ca2923\">Descarga<\/a><\/div>\n\n\n\n<div class=\"wp-block-cover\"><span aria-hidden=\"true\" class=\"wp-block-cover__background has-contrast-background-color has-background-dim-100 has-background-dim\"><\/span><div class=\"wp-block-cover__inner-container\">\n<p class=\"has-text-align-center has-small-font-size\"><\/p>\n\n\n\n<div class=\"wp-block-columns is-layout-flex wp-container-2\">\n<div class=\"wp-block-column has-base-3-background-color has-background is-layout-flow\">\n<p class=\"has-text-align-center has-accent-color has-text-color has-small-font-size\"><strong>  <\/strong><\/p>\n\n\n\n<p class=\"has-text-align-center has-accent-color has-text-color has-large-font-size\"><strong>Sumate a la Cooperadora del Normal 1<\/strong><\/p>\n\n\n\n<p class=\"has-contrast-color has-text-color\">   Queridas familias y miembros de la comunidad:<\/p>\n\n\n\n<p class=\"has-contrast-color has-text-color\">   Luego de la Asamblea Ordinaria llevada a cabo el viernes 27 de junio de 2025, la Comisi\u00f3n Directiva ha quedado conformada por <\/p>\n\n\n\n<p class=\"has-contrast-color has-text-color\">los siguientes miembros:<\/p>\n\n\n\n<p class=\"has-contrast-color has-text-color\">   Presidenta: Eliana Moreno<\/p>\n\n\n\n<p class=\"has-contrast-color has-text-color\">   Secretaria: Andrea Garc\u00eda<\/p>\n\n\n\n<p class=\"has-contrast-color has-text-color\">   Tesorera: Vilma Gabutti<\/p>\n\n\n\n<p class=\"has-contrast-color has-text-color\">   1er Vocal Titular: Romina Ar\u00e9valo <\/p>\n\n\n\n<p class=\"has-contrast-color has-text-color\">    2\u00b0 Vocal Titular: Diego Pietrangelli<\/p>\n\n\n\n<p class=\"has-contrast-color has-text-color\">    3\u00b0Vocal Titular: Iara Rae<\/p>\n\n\n\n<p class=\"has-contrast-color has-text-color\">    1er Vocal Suplente: Silvana D&#8217;Elia<\/p>\n\n\n\n<p class=\"has-contrast-color has-text-color\">    2\u00b0Vocal Suplente: Patricia Insaurralde<\/p>\n\n\n\n<p class=\"has-contrast-color has-text-color\">    Revisora de cuentas: Norali Garc\u00eda<\/p>\n\n\n\n<p class=\"has-contrast-color has-text-color\">    Revisora de cuentas suplente: Mar\u00eda Soledad Sarmiento  <\/p>\n\n\n\n<p class=\"has-contrast-color has-text-color\">    Revisora de cuentas docente: Julia Teruggi <\/p>\n\n\n\n<p><\/p>\n\n\n\n<p class=\"has-contrast-color has-text-color has-medium-font-size\">         <strong>Toque o clickee la imagen para acceder a la Memoria 2024-2025<\/strong><\/p>\n\n\n\n<figure class=\"wp-block-image size-full is-resized\"><a href=\"https:\/\/view.genially.com\/6859a4020fbb2cf09fba4af7\/guide-asociacion-cooperadora-unidad-academica-normal-no1\"><img decoding=\"async\" loading=\"lazy\" src=\"https:\/\/uanormal1-bue.infd.edu.ar\/sitio\/wp-content\/uploads\/2025\/08\/Captura-desde-2025-08-08-14-44-59.png\" alt=\"\" class=\"wp-image-5962\" width=\"758\" height=\"418\" srcset=\"https:\/\/uanormal1-bue.infd.edu.ar\/sitio\/wp-content\/uploads\/2025\/08\/Captura-desde-2025-08-08-14-44-59.png 1482w, https:\/\/uanormal1-bue.infd.edu.ar\/sitio\/wp-content\/uploads\/2025\/08\/Captura-desde-2025-08-08-14-44-59-1000x552.png 1000w, https:\/\/uanormal1-bue.infd.edu.ar\/sitio\/wp-content\/uploads\/2025\/08\/Captura-desde-2025-08-08-14-44-59-768x424.png 768w\" sizes=\"(max-width: 758px) 100vw, 758px\" \/><\/a><\/figure>\n\n\n\n<hr class=\"wp-block-separator has-alpha-channel-opacity\"\/>\n\n\n\n<p class=\"has-contrast-color has-text-color\">   Nos dirigimos a ustedes con un doble prop\u00f3sito agradecer a quienes ya son socios por su apoyo constante y extender una cordial invitaci\u00f3n a quienes deseen sumarse a esta importante labor comunitaria.<\/p>\n\n\n\n<p class=\"has-contrast-color has-text-color\">   A las familias y vecinos que ya forman parte los invitamos a seguir colaborando con la cuota mensual de $3000. Su aporte es  fundamental para continuar realizando mejoras en la escuela y brindando apoyo a las actividades educativas.<\/p>\n\n\n\n<p class=\"has-contrast-color has-text-color\">   El pago puede realizarse el pago mediante transferencia bancaria a nuestra cuenta:<\/p>\n\n\n\n<p class=\"has-contrast-color has-text-color\">   <strong>Banco Provincia &#8211; CBU: 0140999801200007546625 &#8211; Alias:<\/strong> <strong>ROJO.ESPUMANTE.BALDE<\/strong><\/p>\n\n\n\n<p class=\"has-contrast-color has-text-color\">   Es importante que nos env\u00eden el comprobante de pago al <strong>WhatsApp<\/strong> de Cooperadora (2216137278) o su <strong>mail<\/strong><\/p>\n\n\n\n<p class=\"has-contrast-color has-text-color\">   ( <a href=\"mailto:cooperadoranormal1ua@gmail.com\" target=\"_blank\" rel=\"noreferrer noopener\">cooperadoranormal1ua@gmail.com<\/a>), indicando <strong>nombre y apellido<\/strong>, y <strong>DNI <\/strong>.<\/p>\n\n\n\n<p class=\"has-contrast-color has-text-color\">  Quien quiera hacer una <strong>donaci\u00f3n en pesos,<\/strong> hacer la transferencia por el monto deseado y luego enviar comprobante al WhatsApp o mail, indicando nombre y apellido, DNI y la leyenda \u00abDonaci\u00f3n\u00bb. <\/p>\n\n\n\n<p class=\"has-contrast-color has-text-color\">   Nuevos socios:<\/p>\n\n\n\n<p class=\"has-contrast-color has-text-color\">   Si quer\u00e9s sumarte podes asociarte completando el formulario en l\u00ednea (<a rel=\"noreferrer noopener\" href=\"https:\/\/forms.gle\/NfiwBDqMNUHYM2wj6\" target=\"_blank\">ENLACE A FORMULARIO<\/a>) o <strong>de manera presencial <\/strong>lunes y viernes de 11.50 a 13.50 en la puerta del Jard\u00edn (calle 50). Ademas informaremos a trav\u00e9s de los grupos de difusi\u00f3n sobre las pr\u00f3ximas actividades que estamos organizando, como ferias de platos. Estas ferias son importantes para recaudar fondos que permitan proveer medallas y diplomas para entregar a los egresados.<\/p>\n\n\n\n<p class=\"has-contrast-color has-text-color\">   Contamos con tu apoyo y participaci\u00f3n. Juntos podemos seguir mejorando la calidad educativa de nuestra instituci\u00f3n en beneficio de ni\u00f1as, ni\u00f1os, adolescentes y adultos que quieran estudiar en ella.<\/p>\n\n\n\n<p class=\"has-contrast-color has-text-color\"><\/p>\n\n\n\n<p class=\"has-text-align-center has-contrast-color has-text-color\">                                                                                                                                                <strong>Comisi\u00f3n Directiva Cooperadora Normal 1<\/strong> <\/p>\n\n\n\n<p class=\"has-text-align-center has-contrast-color has-text-color\">                                                                                                                                          1de julio de 2025 <\/p>\n\n\n\n<p class=\"has-text-align-center has-contrast-color has-text-color has-small-font-size\">Actualizaci\u00f3n 1\/7\/2025<\/p>\n<\/div>\n<\/div>\n<\/div><\/div>\n\n\n\n<div class=\"wp-block-cover\"><span aria-hidden=\"true\" class=\"wp-block-cover__background has-accent-background-color has-background-dim-100 has-background-dim\"><\/span><div class=\"wp-block-cover__inner-container\">\n<p class=\"has-text-align-center has-large-font-size\">Certificado de Vigencia<\/p>\n\n\n<div class=\"wp-block-image\">\n<figure class=\"aligncenter size-full is-resized\"><img decoding=\"async\" loading=\"lazy\" src=\"https:\/\/uanormal1-bue.infd.edu.ar\/sitio\/wp-content\/uploads\/2025\/02\/Certificado-Vigencia-CD-1.png\" alt=\"\" class=\"wp-image-5792\" width=\"507\" height=\"665\"\/><\/figure><\/div><\/div><\/div>\n\n\n\n<div class=\"wp-block-cover is-light\"><span aria-hidden=\"true\" class=\"wp-block-cover__background has-background-dim-100 has-background-dim\" style=\"background-color:#eee85b\"><\/span><div class=\"wp-block-cover__inner-container\">\n<p class=\"has-text-align-center has-large-font-size\">A la comunidad de la Unidad Acad\u00e9mica Normal 1<\/p>\n\n\n\n<p class=\"has-text-align-right has-medium-font-size\">28 de noviembre de 2024<\/p>\n\n\n\n<p class=\"has-text-align-left has-medium-font-size\">La Comisi\u00f3n Directiva de la Asociaci\u00f3n Cooperadora agradece la colaboraci\u00f3n para las ferias de platos realizadas en los diferentes niveles. A su vez queremos informar que lo recaudado ha sido $663.900.<\/p>\n\n\n\n<p class=\"has-medium-font-size\">Reiteramos el agradecimiento por la colaboraci\u00f3n y deseamos seguir contando con la participaci\u00f3n de toda la comunidad.<\/p>\n\n\n\n<p class=\"has-medium-font-size\">Saluda atentamente,<\/p>\n\n\n\n<p class=\"has-medium-font-size\">Cooperadora Normal 1<\/p>\n<\/div><\/div>\n\n\n\n<p class=\"has-text-align-center has-large-font-size\">Asociaci\u00f3n Cooperadora<\/p>\n\n\n\n<div class=\"wp-block-cover is-light\"><span aria-hidden=\"true\" class=\"wp-block-cover__background has-background-dim-100 has-background-dim\" style=\"background-color:#f8ed08\"><\/span><div class=\"wp-block-cover__inner-container\">\n<p class=\"has-text-align-center has-medium-font-size\">Comisi\u00f3n Directiva (desde diciembre de 2024)<\/p>\n\n\n\n<p>Presidenta: Eliana Moreno<\/p>\n\n\n\n<p>Secretaria: Andrea Garc\u00eda<\/p>\n\n\n\n<p>Tesorera: Vilma Gabutti<\/p>\n\n\n\n<p>Vocal Titular 1\u00b0: Iara Rae<\/p>\n\n\n\n<p><\/p>\n\n\n\n<p class=\"has-text-align-center has-medium-font-size\">Comisi\u00f3n Revisora de Cuentas<\/p>\n\n\n\n<p>Revisora de Cuentas Docente: Soledad Vega<\/p>\n\n\n\n<p>Revisora de Cuentas Titular: Noral\u00ed Garc\u00eda<\/p>\n\n\n\n<hr class=\"wp-block-separator has-alpha-channel-opacity\"\/>\n\n\n\n<p>Texto del Estatuto de la Asociaci\u00f3n Cooperadora aprobado por Subdirecci\u00f3n de Cooperaci\u00f3n Escolar (DGCYE) seg\u00fan Decreto 4767\/92 &#8211; Aprobado en la Asamblea Extraordinaria<\/p>\n\n\n\n<div class=\"wp-block-file\"><object class=\"wp-block-file__embed\" data=\"https:\/\/uanormal1-bue.infd.edu.ar\/sitio\/wp-content\/uploads\/2024\/05\/Estatuto-COOPEADORA-ESCOLAR-Normal-1.pdf\" type=\"application\/pdf\" style=\"width:100%;height:560px\" aria-label=\"Incrustado de Estatuto COOPERADORA ESCOLAR Normal 1.\"><\/object><a id=\"wp-block-file--media-4c76603a-6a9c-4a91-b43a-2f3555a9d261\" href=\"https:\/\/uanormal1-bue.infd.edu.ar\/sitio\/wp-content\/uploads\/2024\/05\/Estatuto-COOPEADORA-ESCOLAR-Normal-1.pdf\">Estatuto COOPERADORA ESCOLAR Normal 1<\/a><a href=\"https:\/\/uanormal1-bue.infd.edu.ar\/sitio\/wp-content\/uploads\/2024\/05\/Estatuto-COOPEADORA-ESCOLAR-Normal-1.pdf\" class=\"wp-block-file__button wp-element-button\" download aria-describedby=\"wp-block-file--media-4c76603a-6a9c-4a91-b43a-2f3555a9d261\">Descarga<\/a><\/div>\n\n\n\n<p> <\/p>\n\n\n\n<p><a href=\"https:\/\/abc.gob.ar\/secretarias\/areas\/subsecretaria-de-educacion\/cooperacion-y-participacion-comunitaria\/cooperacion-y\" target=\"_blank\" rel=\"noreferrer noopener\">Enlace a Subdirecci\u00f3n de Cooperaci\u00f3n Escolar<\/a> (Direcci\u00f3n de Cooperaci\u00f3n y Participaci\u00f3n Comunitaria &#8211; Direcci\u00f3n General de Cultura y Educaci\u00f3n) &#8211; Puede encontrar all\u00ed todo el marco normativo relativo a Cooperadoras Escolares<\/p>\n<\/div><\/div>\n","protected":false},"excerpt":{"rendered":"<p>Asociaci\u00f3n Cooperadora<\/p>\n","protected":false},"author":1244,"featured_media":0,"parent":0,"menu_order":0,"comment_status":"closed","ping_status":"closed","template":"","meta":[],"acf":[],"_links":{"self":[{"href":"https:\/\/uanormal1-bue.infd.edu.ar\/sitio\/wp-json\/wp\/v2\/pages\/5333"}],"collection":[{"href":"https:\/\/uanormal1-bue.infd.edu.ar\/sitio\/wp-json\/wp\/v2\/pages"}],"about":[{"href":"https:\/\/uanormal1-bue.infd.edu.ar\/sitio\/wp-json\/wp\/v2\/types\/page"}],"author":[{"embeddable":true,"href":"https:\/\/uanormal1-bue.infd.edu.ar\/sitio\/wp-json\/wp\/v2\/users\/1244"}],"replies":[{"embeddable":true,"href":"https:\/\/uanormal1-bue.infd.edu.ar\/sitio\/wp-json\/wp\/v2\/comments?post=5333"}],"version-history":[{"count":37,"href":"https:\/\/uanormal1-bue.infd.edu.ar\/sitio\/wp-json\/wp\/v2\/pages\/5333\/revisions"}],"predecessor-version":[{"id":6196,"href":"https:\/\/uanormal1-bue.infd.edu.ar\/sitio\/wp-json\/wp\/v2\/pages\/5333\/revisions\/6196"}],"wp:attachment":[{"href":"https:\/\/uanormal1-bue.infd.edu.ar\/sitio\/wp-json\/wp\/v2\/media?parent=5333"}],"curies":[{"name":"wp","href":"https:\/\/api.w.org\/{rel}","templated":true}]}}