{"id":4964,"date":"2023-09-25T23:11:37","date_gmt":"2023-09-26T02:11:37","guid":{"rendered":"https:\/\/uanormal1-bue.infd.edu.ar\/sitio\/?page_id=4964"},"modified":"2023-09-25T23:39:27","modified_gmt":"2023-09-26T02:39:27","slug":"museo-escolar","status":"publish","type":"page","link":"https:\/\/uanormal1-bue.infd.edu.ar\/sitio\/museo-escolar\/","title":{"rendered":"Museo Escolar"},"content":{"rendered":"\n<p>Setiembre 2023<\/p>\n\n\n\n<p>Un equipo de docentes del Nivel Superior integrado por la profesora Daniela Sanabria, la profesora Andrea Rodriguez y el profesor Lucas Rey ha presentado la iniciativa de Puesta en Valor del Museo del Normal 1. El acervo de nuestro Museo constituye una fuente altamente valiosa para acercarnos a la historia de la educaci\u00f3n en nuestro pa\u00eds. <\/p>\n\n\n\n<iframe loading=\"lazy\" width=\"560\" height=\"315\" src=\"https:\/\/www.youtube.com\/embed\/TtANAJ8uOro?si=V3TsNY801U_PX2Jw&amp;controls=0\" title=\"YouTube video player\" frameborder=\"0\" allow=\"accelerometer; autoplay; clipboard-write; encrypted-media; gyroscope; picture-in-picture; web-share\" allowfullscreen=\"\"><\/iframe>\n\n\n\n<p>El Museo se organiz\u00f3 en torno a la celebraci\u00f3n de los 130 a\u00f1os de la instituci\u00f3n (a\u00f1o 2018) y luego de la pandemia del 2020 no fue reabierto.<\/p>\n\n\n\n<p>La propuesta aspira a contar con un espacio did\u00e1ctico que fortalezca la identidad de quienes transitamos la instituci\u00f3n, as\u00ed como un mejor posicionamiento de la misma en relaci\u00f3n al pasado de las pr\u00e1cticas educativas. <\/p>\n\n\n\n<p>Quien quisiera realizar alguna consulta, cont\u00e1ctese con la Prof. Daniela Sanabria: dsanabria1@abc.gob.ar<\/p>\n","protected":false},"excerpt":{"rendered":"<p>Setiembre 2023 Un equipo de docentes del Nivel Superior integrado por la profesora Daniela Sanabria, la profesora Andrea Rodriguez y el profesor Lucas Rey ha presentado la iniciativa de Puesta en Valor del Museo del Normal 1. El acervo de nuestro Museo constituye una fuente altamente valiosa para acercarnos a la historia de la educaci\u00f3n &#8230; <a title=\"Museo Escolar\" class=\"read-more\" href=\"https:\/\/uanormal1-bue.infd.edu.ar\/sitio\/museo-escolar\/\" aria-label=\"More on Museo Escolar\">[+]<\/a><\/p>\n","protected":false},"author":1244,"featured_media":0,"parent":0,"menu_order":0,"comment_status":"closed","ping_status":"closed","template":"","meta":[],"acf":[],"_links":{"self":[{"href":"https:\/\/uanormal1-bue.infd.edu.ar\/sitio\/wp-json\/wp\/v2\/pages\/4964"}],"collection":[{"href":"https:\/\/uanormal1-bue.infd.edu.ar\/sitio\/wp-json\/wp\/v2\/pages"}],"about":[{"href":"https:\/\/uanormal1-bue.infd.edu.ar\/sitio\/wp-json\/wp\/v2\/types\/page"}],"author":[{"embeddable":true,"href":"https:\/\/uanormal1-bue.infd.edu.ar\/sitio\/wp-json\/wp\/v2\/users\/1244"}],"replies":[{"embeddable":true,"href":"https:\/\/uanormal1-bue.infd.edu.ar\/sitio\/wp-json\/wp\/v2\/comments?post=4964"}],"version-history":[{"count":6,"href":"https:\/\/uanormal1-bue.infd.edu.ar\/sitio\/wp-json\/wp\/v2\/pages\/4964\/revisions"}],"predecessor-version":[{"id":4972,"href":"https:\/\/uanormal1-bue.infd.edu.ar\/sitio\/wp-json\/wp\/v2\/pages\/4964\/revisions\/4972"}],"wp:attachment":[{"href":"https:\/\/uanormal1-bue.infd.edu.ar\/sitio\/wp-json\/wp\/v2\/media?parent=4964"}],"curies":[{"name":"wp","href":"https:\/\/api.w.org\/{rel}","templated":true}]}}