{"id":4370,"date":"2022-10-24T19:23:57","date_gmt":"2022-10-24T22:23:57","guid":{"rendered":"https:\/\/uanormal1-bue.infd.edu.ar\/sitio\/?page_id=4370"},"modified":"2022-10-24T20:21:48","modified_gmt":"2022-10-24T23:21:48","slug":"solicitudes","status":"publish","type":"page","link":"https:\/\/uanormal1-bue.infd.edu.ar\/sitio\/solicitudes\/","title":{"rendered":"Solicitudes"},"content":{"rendered":"\n<p>a) <strong>Formato de nota para presentar solicitudes al Equipo Directivo<\/strong><\/p>\n\n\n\n<iframe loading=\"lazy\" src=\"https:\/\/docs.google.com\/document\/d\/e\/2PACX-1vQrEA4pCgdyrgpaZOdJdIEzo3eCPdoYtihj2UQfMSVH8baB01zQz8u0khI7gHB6rAC7OG8ElZVxdH6K\/pub?embedded=true\" height=\"600\" width=\"900\"><\/iframe>\n\n\n\n<p>b) <strong>Formato de nota recurrir una decisi\u00f3n (solicitar revisi\u00f3n de una decisi\u00f3n tomada por una autoridad)<\/strong><\/p>\n\n\n\n<iframe loading=\"lazy\" src=\"https:\/\/docs.google.com\/document\/d\/e\/2PACX-1vSrhp1BBw_82fAtnatbqFTM54vJwm4CXUPxoI6JNnRe54YKKAvc9h485Kcfa8HETPaVMSdkKT3T7yqE\/pub?embedded=true\" height=\"600\" width=\"900\"><\/iframe>\n","protected":false},"excerpt":{"rendered":"<p>a) Formato de nota para presentar solicitudes al Equipo Directivo b) Formato de nota recurrir una decisi\u00f3n (solicitar revisi\u00f3n de una decisi\u00f3n tomada por una autoridad)<\/p>\n","protected":false},"author":1244,"featured_media":0,"parent":0,"menu_order":0,"comment_status":"closed","ping_status":"closed","template":"","meta":[],"acf":[],"_links":{"self":[{"href":"https:\/\/uanormal1-bue.infd.edu.ar\/sitio\/wp-json\/wp\/v2\/pages\/4370"}],"collection":[{"href":"https:\/\/uanormal1-bue.infd.edu.ar\/sitio\/wp-json\/wp\/v2\/pages"}],"about":[{"href":"https:\/\/uanormal1-bue.infd.edu.ar\/sitio\/wp-json\/wp\/v2\/types\/page"}],"author":[{"embeddable":true,"href":"https:\/\/uanormal1-bue.infd.edu.ar\/sitio\/wp-json\/wp\/v2\/users\/1244"}],"replies":[{"embeddable":true,"href":"https:\/\/uanormal1-bue.infd.edu.ar\/sitio\/wp-json\/wp\/v2\/comments?post=4370"}],"version-history":[{"count":12,"href":"https:\/\/uanormal1-bue.infd.edu.ar\/sitio\/wp-json\/wp\/v2\/pages\/4370\/revisions"}],"predecessor-version":[{"id":4386,"href":"https:\/\/uanormal1-bue.infd.edu.ar\/sitio\/wp-json\/wp\/v2\/pages\/4370\/revisions\/4386"}],"wp:attachment":[{"href":"https:\/\/uanormal1-bue.infd.edu.ar\/sitio\/wp-json\/wp\/v2\/media?parent=4370"}],"curies":[{"name":"wp","href":"https:\/\/api.w.org\/{rel}","templated":true}]}}