{"id":4284,"date":"2022-07-13T19:46:29","date_gmt":"2022-07-13T22:46:29","guid":{"rendered":"https:\/\/uanormal1-bue.infd.edu.ar\/sitio\/?page_id=4284"},"modified":"2026-02-02T22:36:23","modified_gmt":"2026-02-03T01:36:23","slug":"inscripcion-a-finales-de-nivel-superior","status":"publish","type":"page","link":"https:\/\/uanormal1-bue.infd.edu.ar\/sitio\/inscripcion-a-finales-de-nivel-superior\/","title":{"rendered":"Inscripci\u00f3n a finales de Nivel Superior (ISFD 95)"},"content":{"rendered":"\n<p><a href=\"https:\/\/uanormal1-bue.infd.edu.ar\/sitio\/inscripcion-a-mesas-de-examen-de-educacion-primaria\/\" data-type=\"URL\">Formulario de Inscripci\u00f3n para Ex\u00e1menes finales de Educaci\u00f3n Primaria<\/a><\/p>\n\n\n\n<p><a href=\"https:\/\/uanormal1-bue.infd.edu.ar\/sitio\/inscripcion-a-mesas-de-examen-de-historia\/\">Formulario de Inscripci\u00f3n para Ex\u00e1menes finales de Historia<\/a><\/p>\n\n\n\n<p><a href=\"https:\/\/uanormal1-bue.infd.edu.ar\/sitio\/inscripcion-a-mesas-de-examen-del-ciclo-comun-de-ciencias-naturales\/\">Formulario de Inscripci\u00f3n para Ex\u00e1menes finales del Ciclo Com\u00fan de CCNN<\/a> (solo Plan 1999) <\/p>\n\n\n\n<p><a href=\"https:\/\/uanormal1-bue.infd.edu.ar\/sitio\/inscripcion-finales-biologia\/\">Formulario de Inscripci\u00f3n para Ex\u00e1menes finales de Biolog\u00eda<\/a><\/p>\n\n\n\n<p><a href=\"https:\/\/uanormal1-bue.infd.edu.ar\/sitio\/inscripcion-a-mesas-de-examen-de-fisica\/\">Formulario de Inscripci\u00f3n para Ex\u00e1menes finales de F\u00edsica<\/a><\/p>\n\n\n\n<p><a href=\"https:\/\/uanormal1-bue.infd.edu.ar\/sitio\/inscripcion-a-mesas-de-examen-de-quimica\/\">Formulario de Inscripci\u00f3n para Ex\u00e1menes finales de Qu\u00edmica<\/a><\/p>\n\n\n\n<p><\/p>\n","protected":false},"excerpt":{"rendered":"<p>Formulario de Inscripci\u00f3n para Ex\u00e1menes finales de Educaci\u00f3n Primaria Formulario de Inscripci\u00f3n para Ex\u00e1menes finales de Historia Formulario de Inscripci\u00f3n para Ex\u00e1menes finales del Ciclo Com\u00fan de CCNN (solo Plan 1999) Formulario de Inscripci\u00f3n para Ex\u00e1menes finales de Biolog\u00eda Formulario de Inscripci\u00f3n para Ex\u00e1menes finales de F\u00edsica Formulario de Inscripci\u00f3n para Ex\u00e1menes finales de Qu\u00edmica<\/p>\n","protected":false},"author":1244,"featured_media":0,"parent":0,"menu_order":0,"comment_status":"closed","ping_status":"closed","template":"","meta":[],"acf":[],"_links":{"self":[{"href":"https:\/\/uanormal1-bue.infd.edu.ar\/sitio\/wp-json\/wp\/v2\/pages\/4284"}],"collection":[{"href":"https:\/\/uanormal1-bue.infd.edu.ar\/sitio\/wp-json\/wp\/v2\/pages"}],"about":[{"href":"https:\/\/uanormal1-bue.infd.edu.ar\/sitio\/wp-json\/wp\/v2\/types\/page"}],"author":[{"embeddable":true,"href":"https:\/\/uanormal1-bue.infd.edu.ar\/sitio\/wp-json\/wp\/v2\/users\/1244"}],"replies":[{"embeddable":true,"href":"https:\/\/uanormal1-bue.infd.edu.ar\/sitio\/wp-json\/wp\/v2\/comments?post=4284"}],"version-history":[{"count":23,"href":"https:\/\/uanormal1-bue.infd.edu.ar\/sitio\/wp-json\/wp\/v2\/pages\/4284\/revisions"}],"predecessor-version":[{"id":6283,"href":"https:\/\/uanormal1-bue.infd.edu.ar\/sitio\/wp-json\/wp\/v2\/pages\/4284\/revisions\/6283"}],"wp:attachment":[{"href":"https:\/\/uanormal1-bue.infd.edu.ar\/sitio\/wp-json\/wp\/v2\/media?parent=4284"}],"curies":[{"name":"wp","href":"https:\/\/api.w.org\/{rel}","templated":true}]}}