{"id":4185,"date":"2022-06-28T06:34:02","date_gmt":"2022-06-28T09:34:02","guid":{"rendered":"https:\/\/uanormal1-bue.infd.edu.ar\/sitio\/?page_id=4185"},"modified":"2022-07-02T09:24:44","modified_gmt":"2022-07-02T12:24:44","slug":"coros","status":"publish","type":"page","link":"https:\/\/uanormal1-bue.infd.edu.ar\/sitio\/coros\/","title":{"rendered":"Coros"},"content":{"rendered":"\n<h5 class=\"wp-block-heading\"><strong>La Unidad Acad\u00e9mica cuenta con un Coro de Adultos y un Coro de J\u00f3venes.<\/strong> <strong>La coordinaci\u00f3n y gesti\u00f3n se encuentra a cargo de la Profesora Irene Cafiero.<\/strong><\/h5>\n\n\n\n<p>Desde el mes de junio se est\u00e1 desarrollando el proyecto Coro de J\u00f3venes y Coro de Adultos del Normal N\u00ba1. Para la primera instancia comenzamos con talleres musicales a cargo de Gonzalo Valle y la profesora-gestora Irene Isabel Cafiero, con invitados que nos ofrecen clases especiales de canto, cuidados de la voz, repertorio popular, etc. <\/p>\n\n\n\n<h5 class=\"wp-block-heading\">Actividades 2022<\/h5>\n\n\n\n<p>El d\u00eda 1 de julio de 2022 contamos con la visita de la Directora de Coros Camila Beltramone<\/p>\n\n\n\n<figure class=\"wp-block-image size-large\"><img decoding=\"async\" loading=\"lazy\" width=\"696\" height=\"723\" src=\"https:\/\/uanormal1-bue.infd.edu.ar\/sitio\/wp-content\/uploads\/2022\/07\/c2-2.jpeg\" alt=\"\" class=\"wp-image-4213\"\/><\/figure>\n\n\n\n<div class=\"wp-block-columns is-layout-flex wp-container-2\">\n<div class=\"wp-block-column is-layout-flow\">\n<figure class=\"wp-block-video alignwide\"><video controls src=\"https:\/\/uanormal1-bue.infd.edu.ar\/sitio\/wp-content\/uploads\/2022\/07\/WhatsApp-Video-2022-07-02-3.mp4\"><\/video><\/figure>\n<\/div>\n<\/div>\n\n\n\n<div class=\"wp-block-columns is-layout-flex wp-container-4\">\n<div class=\"wp-block-column is-layout-flow\"><\/div>\n<\/div>\n\n\n\n<p>El 24 de junio nos visit\u00f3 la cantante mezzosoprano Gabriela Cipriani Zec, integrante del Coro Estable del Teatro Argentino que con gran maestr\u00eda nos ofreci\u00f3 sus conocimientos que pudimos aplicar en canciones para mejorar la emisi\u00f3n.<\/p>\n\n\n\n<div class=\"wp-block-columns is-layout-flex wp-container-7\">\n<div class=\"wp-block-column is-layout-flow\">\n<figure class=\"wp-block-image size-large is-resized\"><img decoding=\"async\" loading=\"lazy\" src=\"https:\/\/uanormal1-bue.infd.edu.ar\/sitio\/wp-content\/uploads\/2022\/06\/WhatsApp-Image-2022-06-27-at-12.13.50-PM.jpeg\" alt=\"\" class=\"wp-image-4186\" width=\"383\" height=\"479\" srcset=\"https:\/\/uanormal1-bue.infd.edu.ar\/sitio\/wp-content\/uploads\/2022\/06\/WhatsApp-Image-2022-06-27-at-12.13.50-PM.jpeg 1080w, https:\/\/uanormal1-bue.infd.edu.ar\/sitio\/wp-content\/uploads\/2022\/06\/WhatsApp-Image-2022-06-27-at-12.13.50-PM-800x1000.jpeg 800w, https:\/\/uanormal1-bue.infd.edu.ar\/sitio\/wp-content\/uploads\/2022\/06\/WhatsApp-Image-2022-06-27-at-12.13.50-PM-768x960.jpeg 768w\" sizes=\"(max-width: 383px) 100vw, 383px\" \/><\/figure>\n<\/div>\n\n\n\n<div class=\"wp-block-column is-layout-flow\">\n<figure class=\"wp-block-image size-large\"><img decoding=\"async\" loading=\"lazy\" width=\"1600\" height=\"1200\" src=\"https:\/\/uanormal1-bue.infd.edu.ar\/sitio\/wp-content\/uploads\/2022\/06\/WhatsApp-Image-2022-06-27-at-12.13.5-PM.jpeg\" alt=\"\" class=\"wp-image-4188\" srcset=\"https:\/\/uanormal1-bue.infd.edu.ar\/sitio\/wp-content\/uploads\/2022\/06\/WhatsApp-Image-2022-06-27-at-12.13.5-PM.jpeg 1600w, https:\/\/uanormal1-bue.infd.edu.ar\/sitio\/wp-content\/uploads\/2022\/06\/WhatsApp-Image-2022-06-27-at-12.13.5-PM-1000x750.jpeg 1000w, https:\/\/uanormal1-bue.infd.edu.ar\/sitio\/wp-content\/uploads\/2022\/06\/WhatsApp-Image-2022-06-27-at-12.13.5-PM-768x576.jpeg 768w, https:\/\/uanormal1-bue.infd.edu.ar\/sitio\/wp-content\/uploads\/2022\/06\/WhatsApp-Image-2022-06-27-at-12.13.5-PM-1536x1152.jpeg 1536w\" sizes=\"(max-width: 1600px) 100vw, 1600px\" \/><\/figure>\n<\/div>\n<\/div>\n","protected":false},"excerpt":{"rendered":"<p>La Unidad Acad\u00e9mica cuenta con un Coro de Adultos y un Coro de J\u00f3venes. La coordinaci\u00f3n y gesti\u00f3n se encuentra a cargo de la Profesora Irene Cafiero. Desde el mes de junio se est\u00e1 desarrollando el proyecto Coro de J\u00f3venes y Coro de Adultos del Normal N\u00ba1. Para la primera instancia comenzamos con talleres musicales &#8230; <a title=\"Coros\" class=\"read-more\" href=\"https:\/\/uanormal1-bue.infd.edu.ar\/sitio\/coros\/\" aria-label=\"More on Coros\">[+]<\/a><\/p>\n","protected":false},"author":1244,"featured_media":0,"parent":0,"menu_order":0,"comment_status":"closed","ping_status":"closed","template":"","meta":[],"acf":[],"_links":{"self":[{"href":"https:\/\/uanormal1-bue.infd.edu.ar\/sitio\/wp-json\/wp\/v2\/pages\/4185"}],"collection":[{"href":"https:\/\/uanormal1-bue.infd.edu.ar\/sitio\/wp-json\/wp\/v2\/pages"}],"about":[{"href":"https:\/\/uanormal1-bue.infd.edu.ar\/sitio\/wp-json\/wp\/v2\/types\/page"}],"author":[{"embeddable":true,"href":"https:\/\/uanormal1-bue.infd.edu.ar\/sitio\/wp-json\/wp\/v2\/users\/1244"}],"replies":[{"embeddable":true,"href":"https:\/\/uanormal1-bue.infd.edu.ar\/sitio\/wp-json\/wp\/v2\/comments?post=4185"}],"version-history":[{"count":16,"href":"https:\/\/uanormal1-bue.infd.edu.ar\/sitio\/wp-json\/wp\/v2\/pages\/4185\/revisions"}],"predecessor-version":[{"id":4232,"href":"https:\/\/uanormal1-bue.infd.edu.ar\/sitio\/wp-json\/wp\/v2\/pages\/4185\/revisions\/4232"}],"wp:attachment":[{"href":"https:\/\/uanormal1-bue.infd.edu.ar\/sitio\/wp-json\/wp\/v2\/media?parent=4185"}],"curies":[{"name":"wp","href":"https:\/\/api.w.org\/{rel}","templated":true}]}}