{"id":4034,"date":"2022-05-11T10:05:07","date_gmt":"2022-05-11T13:05:07","guid":{"rendered":"https:\/\/uanormal1-bue.infd.edu.ar\/sitio\/?page_id=4034"},"modified":"2022-05-11T10:07:05","modified_gmt":"2022-05-11T13:07:05","slug":"el-juego-y-la-educacion-fisica","status":"publish","type":"page","link":"https:\/\/uanormal1-bue.infd.edu.ar\/sitio\/el-juego-y-la-educacion-fisica\/","title":{"rendered":"El juego y la Educaci\u00f3n F\u00edsica"},"content":{"rendered":"\n<p class=\"has-text-align-right\">La Plata, abril 2022<\/p>\n\n\n\n<p>&nbsp;&nbsp;&nbsp;&nbsp;&nbsp;&nbsp;&nbsp;&nbsp;&nbsp;&nbsp;&nbsp;&nbsp;El juego es un eje fundamental del \u00e1rea de Educaci\u00f3n F\u00edsica.&nbsp; En los diferentes juegos grupales \u2013masivos, por bandos y equipos\u2013 se concreta con mayor intensidad el aprendizaje grupal y compartido. Es aqu\u00ed donde la presencia del otro en la colaboraci\u00f3n y\/u oposici\u00f3n adquiere un rol predominante, tomando dimensi\u00f3n no solamente el cuidado del cuerpo y la salud de los dem\u00e1s, sino tambi\u00e9n el respeto por la diversidad en el marco de una perspectiva del derecho a aprender.<\/p>\n\n\n\n<p>La ausencia de presencialidad plena en el bienio 2020- 2021, nos obliga como escuela a revisar las&nbsp; formas de vinculaci\u00f3n, generando \u00e1mbitos de reflexi\u00f3n en el marco de respeto hacia el otro. Se trabajar\u00e1 en distintas propuestas que permitan abordar:&nbsp;<\/p>\n\n\n\n<p>-La aceptaci\u00f3n de los resultados de los juegos, priorizando el jugar al ganar o perder.&nbsp;<\/p>\n\n\n\n<p>La participaci\u00f3n en situaciones de aprendizaje grupal y compartido.&nbsp;<\/p>\n\n\n\n<p>El cuidado propio y de los otros en el desarrollo de los juegos ense\u00f1ados e inventados.&nbsp;<\/p>\n\n\n\n<p>La aceptaci\u00f3n del otro como compa\u00f1ero de juego, priorizando la inclusi\u00f3n m\u00e1s all\u00e1 de las diferencias de g\u00e9nero, nacionalidad, competencia o capacidad.<\/p>\n\n\n\n<p>&nbsp;&nbsp;&nbsp;&nbsp;&nbsp;&nbsp;&nbsp;Los d\u00edas de lluvia, en los cuales se hace imposible poder utilizar los patios y se&nbsp; requiere realizar propuestas dentro del aula, en el marco del cuidado y la seguridad,&nbsp; se continuar\u00e1 trabajando con el juego como eje principal. Se propondr\u00e1 el trabajo con juegos de mesa, juegos inventados y recreados por las y los estudiantes donde se dar\u00e1 continuidad al trabajo&nbsp; de convivencia, los acuerdos de reglas y pautas de trabajo y&nbsp; la formulaci\u00f3n de acuerdos que impactar\u00e1n, luego, en el posterior trabajo corporal teniendo en cuenta el aspecto social y motriz.<\/p>\n\n\n\n<p class=\"has-text-align-right\">&nbsp;Equipo Directivo y Equipo de Educaci\u00f3n F\u00edsica Primaria 127 <\/p>\n","protected":false},"excerpt":{"rendered":"<p>La Plata, abril 2022 &nbsp;&nbsp;&nbsp;&nbsp;&nbsp;&nbsp;&nbsp;&nbsp;&nbsp;&nbsp;&nbsp;&nbsp;El juego es un eje fundamental del \u00e1rea de Educaci\u00f3n F\u00edsica.&nbsp; En los diferentes juegos grupales \u2013masivos, por bandos y equipos\u2013 se concreta con mayor intensidad el aprendizaje grupal y compartido. Es aqu\u00ed donde la presencia del otro en la colaboraci\u00f3n y\/u oposici\u00f3n adquiere un rol predominante, tomando dimensi\u00f3n no solamente &#8230; <a title=\"El juego y la Educaci\u00f3n F\u00edsica\" class=\"read-more\" href=\"https:\/\/uanormal1-bue.infd.edu.ar\/sitio\/el-juego-y-la-educacion-fisica\/\" aria-label=\"More on El juego y la Educaci\u00f3n F\u00edsica\">[+]<\/a><\/p>\n","protected":false},"author":4699,"featured_media":0,"parent":0,"menu_order":0,"comment_status":"closed","ping_status":"closed","template":"","meta":[],"acf":[],"_links":{"self":[{"href":"https:\/\/uanormal1-bue.infd.edu.ar\/sitio\/wp-json\/wp\/v2\/pages\/4034"}],"collection":[{"href":"https:\/\/uanormal1-bue.infd.edu.ar\/sitio\/wp-json\/wp\/v2\/pages"}],"about":[{"href":"https:\/\/uanormal1-bue.infd.edu.ar\/sitio\/wp-json\/wp\/v2\/types\/page"}],"author":[{"embeddable":true,"href":"https:\/\/uanormal1-bue.infd.edu.ar\/sitio\/wp-json\/wp\/v2\/users\/4699"}],"replies":[{"embeddable":true,"href":"https:\/\/uanormal1-bue.infd.edu.ar\/sitio\/wp-json\/wp\/v2\/comments?post=4034"}],"version-history":[{"count":2,"href":"https:\/\/uanormal1-bue.infd.edu.ar\/sitio\/wp-json\/wp\/v2\/pages\/4034\/revisions"}],"predecessor-version":[{"id":4036,"href":"https:\/\/uanormal1-bue.infd.edu.ar\/sitio\/wp-json\/wp\/v2\/pages\/4034\/revisions\/4036"}],"wp:attachment":[{"href":"https:\/\/uanormal1-bue.infd.edu.ar\/sitio\/wp-json\/wp\/v2\/media?parent=4034"}],"curies":[{"name":"wp","href":"https:\/\/api.w.org\/{rel}","templated":true}]}}