{"id":3725,"date":"2022-02-24T00:11:00","date_gmt":"2022-02-24T03:11:00","guid":{"rendered":"https:\/\/uanormal1-bue.infd.edu.ar\/sitio\/?page_id=3725"},"modified":"2025-03-04T18:29:48","modified_gmt":"2025-03-04T21:29:48","slug":"novedades-del-nivel-primario","status":"publish","type":"page","link":"https:\/\/uanormal1-bue.infd.edu.ar\/sitio\/novedades-del-nivel-primario\/","title":{"rendered":"Novedades del Nivel Primario"},"content":{"rendered":"\n<p class=\"has-text-color has-x-large-font-size\" style=\"color:#cf2525\"><strong>ATENCI\u00d3N!! <\/strong><\/p>\n\n\n\n<p class=\"has-text-align-center has-x-large-font-size\">Teniendo en cuenta el <strong>PARO DOCENTE<\/strong> declarado para el d\u00eda <strong>MI\u00c9RCOLES 5<\/strong> la Instituci\u00f3n informa que habr\u00e1 actividad pedag\u00f3gica en los siguientes cursos:                                   <strong> 6\u00b0 A, C, D y E <\/strong>.                                                                           Cualquier duda estamos a su disposici\u00f3n.                 Atte Equipo Directivo                                       <\/p>\n\n\n\n<p class=\"has-medium-font-size\"><\/p>\n\n\n\n<figure class=\"wp-block-gallery has-nested-images columns-default is-cropped wp-block-gallery-1 is-layout-flex\">\n<figure class=\"wp-block-image size-large\"><img decoding=\"async\" loading=\"lazy\" width=\"900\" height=\"1600\" data-id=\"5804\"  src=\"https:\/\/uanormal1-bue.infd.edu.ar\/sitio\/wp-content\/uploads\/2025\/02\/IMG-20250228-WA0059-1.jpg\" alt=\"\" class=\"wp-image-5804\" srcset=\"https:\/\/uanormal1-bue.infd.edu.ar\/sitio\/wp-content\/uploads\/2025\/02\/IMG-20250228-WA0059-1.jpg 900w, https:\/\/uanormal1-bue.infd.edu.ar\/sitio\/wp-content\/uploads\/2025\/02\/IMG-20250228-WA0059-1-563x1000.jpg 563w, https:\/\/uanormal1-bue.infd.edu.ar\/sitio\/wp-content\/uploads\/2025\/02\/IMG-20250228-WA0059-1-768x1365.jpg 768w, https:\/\/uanormal1-bue.infd.edu.ar\/sitio\/wp-content\/uploads\/2025\/02\/IMG-20250228-WA0059-1-864x1536.jpg 864w\" sizes=\"(max-width: 900px) 100vw, 900px\" \/><\/figure>\n<\/figure>\n\n\n\n<figure class=\"wp-block-image size-full\"><img decoding=\"async\" loading=\"lazy\" width=\"691\" height=\"1027\" src=\"https:\/\/uanormal1-bue.infd.edu.ar\/sitio\/wp-content\/uploads\/2024\/08\/WhatsApp-Image-2024-08-30-at-20.20.14.jpeg\" alt=\"\" class=\"wp-image-5429\" srcset=\"https:\/\/uanormal1-bue.infd.edu.ar\/sitio\/wp-content\/uploads\/2024\/08\/WhatsApp-Image-2024-08-30-at-20.20.14.jpeg 691w, https:\/\/uanormal1-bue.infd.edu.ar\/sitio\/wp-content\/uploads\/2024\/08\/WhatsApp-Image-2024-08-30-at-20.20.14-673x1000.jpeg 673w\" sizes=\"(max-width: 691px) 100vw, 691px\" \/><\/figure>\n\n\n\n<p><a href=\"https:\/\/drive.google.com\/file\/d\/16MMVg8sLAGzm7_wewdLik7fmdqI4pCda\/view?usp=sharing\" target=\"_blank\" rel=\"noreferrer noopener\">Acceso a Normalicemos la ESI &#8211; Revista Digital<\/a><\/p>\n\n\n\n<div style=\"height:65px\" aria-hidden=\"true\" class=\"wp-block-spacer\"><\/div>\n\n\n\n<figure class=\"wp-block-image size-full is-resized\"><img decoding=\"async\" loading=\"lazy\" src=\"https:\/\/uanormal1-bue.infd.edu.ar\/sitio\/wp-content\/uploads\/2024\/02\/WhatsApp-Image-2024-02-26-at-20.46.13.jpeg\" alt=\"\" class=\"wp-image-5281\" width=\"746\" height=\"1326\" srcset=\"https:\/\/uanormal1-bue.infd.edu.ar\/sitio\/wp-content\/uploads\/2024\/02\/WhatsApp-Image-2024-02-26-at-20.46.13.jpeg 899w, https:\/\/uanormal1-bue.infd.edu.ar\/sitio\/wp-content\/uploads\/2024\/02\/WhatsApp-Image-2024-02-26-at-20.46.13-562x1000.jpeg 562w, https:\/\/uanormal1-bue.infd.edu.ar\/sitio\/wp-content\/uploads\/2024\/02\/WhatsApp-Image-2024-02-26-at-20.46.13-768x1366.jpeg 768w, https:\/\/uanormal1-bue.infd.edu.ar\/sitio\/wp-content\/uploads\/2024\/02\/WhatsApp-Image-2024-02-26-at-20.46.13-864x1536.jpeg 864w\" sizes=\"(max-width: 746px) 100vw, 746px\" \/><\/figure>\n\n\n\n<div style=\"height:100px\" aria-hidden=\"true\" class=\"wp-block-spacer\"><\/div>\n\n\n\n<p class=\"has-text-color has-large-font-size\" style=\"color:#3f7ca8\"><strong>FECHAS DE INSCRIPCI\u00d3N AL LISTADO DE ASPIRANTES 2024<\/strong><\/p>\n\n\n\n<p>Las&nbsp;inscripciones al listado de aspirantes para ingresar al Nivel Primario seg\u00fan Calendario de Actividades Docentes se establecen&nbsp; &nbsp;en las&nbsp;siguientes fechas:<\/p>\n\n\n\n<p>1\u00b0 a\u00f1o del 24 al 30 de Noviembre.<\/p>\n\n\n\n<p>2\u00b0 a 6\u00b0 a\u00f1o, a partir del 18 de Diciembre.&nbsp;<\/p>\n\n\n\n<p>La modalidad a\u00fan no est\u00e1 definida.&nbsp;<\/p>\n\n\n\n<p>Te invitamos a visitar nuestra p\u00e1gina donde se ir\u00e1 subiendo informaci\u00f3n al respecto.&nbsp;<a rel=\"noreferrer noopener\" href=\"https:\/\/uanormal1-bue.infd.edu.ar\/\" target=\"_blank\">https:\/\/uanormal1-bue.infd.edu.ar\/<\/a><\/p>\n\n\n\n<p class=\"has-text-color has-large-font-size\" style=\"color:#840f0f\"><strong>ACTIVIDAD PEDAG\u00d3GICA 17 y 18\/05\/23<\/strong><\/p>\n\n\n\n<p>Estimadas familias del Nivel Primario:<\/p>\n\n\n\n<p>A ra\u00edz de la medida gremial docente convocada para los d\u00edas&nbsp;<strong>MI\u00c9RCOLES 17 y JUEVES 18\/05<\/strong>, la Instituci\u00f3n informa que se&nbsp;<strong>suspende la actividad<\/strong>&nbsp;<strong>pedag\u00f3gica en todos los cursos<\/strong>, garantizando la presencia del Equipo Directivo en la escuela.<\/p>\n\n\n\n<p>Atte. Equipo Directivo EP N\u00b0 127<\/p>\n\n\n\n<p class=\"has-accent-color has-text-color has-large-font-size\"><strong>ACTIVIDAD PEDAG\u00d3GICA 25 y 26\/04\/23<\/strong><\/p>\n\n\n\n<p>Estimadas familias del Nivel Primario:<\/p>\n\n\n\n<p>A ra\u00edz de la medida gremial docente convocada para los d\u00edas <strong>MARTES 25 y MI\u00c9RCOLES 26\/04<\/strong>, la Instituci\u00f3n informa que se <strong>suspende la actividad<\/strong> <strong>pedag\u00f3gica en todos los cursos<\/strong>, garantizando la presencia del Equipo Directivo en la escuela.<\/p>\n\n\n\n<p>Atte. Equipo Directivo EP N\u00b0 127<\/p>\n\n\n\n<p><\/p>\n\n\n\n<p><\/p>\n\n\n\n<p><\/p>\n\n\n\n<p class=\"has-text-color has-large-font-size\" style=\"color:#743434\"><strong>ACTIVIDAD PEDAG\u00d3GICA 12\/04\/23<\/strong><\/p>\n\n\n\n<p>Estimadas familias del Nivel Primario:<\/p>\n\n\n\n<p>      A ra\u00edz de la medida gremial docente convocada para el d\u00eda de hoy,<strong> MI\u00c9RCOLES 12\/04<\/strong>, informamos que <strong>tendr\u00e1n actividad<\/strong> <strong>pedag\u00f3gica<\/strong> los siguientes cursos:                      <\/p>\n\n\n\n<p class=\"has-medium-font-size\">                      <strong>2\u00b0 A y B<\/strong><\/p>\n\n\n\n<p class=\"has-medium-font-size\">                      <strong>3\u00b0 A<\/strong><\/p>\n\n\n\n<p class=\"has-medium-font-size\">                      <strong>4\u00b0 A,B,C,D y E<\/strong><\/p>\n\n\n\n<p class=\"has-medium-font-size\">                      Atte Equipo Directivo EP N\u00b0 127<\/p>\n\n\n\n<p class=\"has-accent-color has-text-color has-large-font-size\"><strong>ACTIVIDAD PEDAG\u00d3GICA 20\/03\/23<\/strong> <\/p>\n\n\n\n<p class=\"has-medium-font-size\">Estimadas familias del Nivel Primario: debido a un desperfecto en una de las bombas, no podemos garantizar la provisi\u00f3n de agua en el ala de calle 14, por lo que debemos reducir el n\u00famero de estudiantes en la jornada de <strong>HOY<\/strong>, por lo tanto se suspende la actividad pedag\u00f3gica para <strong>Primer Ciclo<\/strong> (1ro, 2do y 3ero). <\/p>\n\n\n\n<p>A partir de las 14 hs. encontrar\u00e1n en la WEB institucional la propuesta de la continuidad pedag\u00f3gica para cada a\u00f1o.<\/p>\n\n\n\n<p>Atte. Equipo Directivo EP 127<\/p>\n\n\n\n<p><\/p>\n\n\n\n<p class=\"has-text-color has-x-large-font-size\" style=\"color:#1e077d\"><strong>ACTIVIDAD PEDAG\u00d3GICA 15\/03\/23<\/strong><\/p>\n\n\n\n<p>Estimadas familias del Nivel Primario:<\/p>\n\n\n\n<p>      En funci\u00f3n de la medida gremial docente convocada d\u00eda,<strong> MI\u00c9RCOLES 15\/03<\/strong>, informamos que <strong>tendr\u00e1n actividad<\/strong> <strong>pedag\u00f3gica<\/strong> los siguientes cursos:<\/p>\n\n\n\n<p class=\"has-medium-font-size\">                      <strong>1\u00b0 B,C,D y E<\/strong><\/p>\n\n\n\n<p class=\"has-medium-font-size\">                      <strong>2\u00b0 A, B y D<\/strong><\/p>\n\n\n\n<p class=\"has-medium-font-size\">                      <strong>3\u00b0 A, B y D<\/strong><\/p>\n\n\n\n<p class=\"has-medium-font-size\">                      <strong>4\u00b0 A,B,C,D y E<\/strong><\/p>\n\n\n\n<p class=\"has-medium-font-size\">                      <strong>5\u00b0 A,B, C, D y E<\/strong><\/p>\n\n\n\n<p class=\"has-medium-font-size\">                      <strong>6\u00b0 A, B, C y D<\/strong><\/p>\n\n\n\n<p>Atte Equipo Directivo EP N\u00b0 127<\/p>\n\n\n\n<p class=\"has-text-color has-x-large-font-size\" style=\"color:#7c0707\"><strong>ACTIVIDAD PEDAG\u00d3GICA 01\/03\/23<\/strong><\/p>\n\n\n\n<p>Estimadas familias del Nivel Primario:<\/p>\n\n\n\n<p>      En funci\u00f3n de la medida gremial docente convocada por SUTEBA Multicolor, informamos que en el d\u00eda de ma\u00f1ana, MI\u00c9RCOLES 01 de marzo <strong>tendr\u00e1n actividad<\/strong> <strong>pedag\u00f3gica<\/strong> los siguientes cursos:<\/p>\n\n\n\n<p class=\"has-medium-font-size\">                      <strong>1\u00b0 A,B,C,D y E<\/strong><\/p>\n\n\n\n<p class=\"has-medium-font-size\">                      <strong>2\u00b0 A.B.C y D<\/strong><\/p>\n\n\n\n<p class=\"has-medium-font-size\">                      <strong>3\u00b0 A,B,C y D<\/strong><\/p>\n\n\n\n<p class=\"has-medium-font-size\">                      <strong>4\u00b0 A,B,C,D y E<\/strong><\/p>\n\n\n\n<p class=\"has-medium-font-size\">                      <strong>5\u00b0 A,B y E<\/strong><\/p>\n\n\n\n<p class=\"has-medium-font-size\">                      <strong>6\u00b0 A y B<\/strong><\/p>\n\n\n\n<p>Respetando el cronograma de ingreso para el Inicio de las clases.<\/p>\n\n\n\n<p>Equipo Directivo EP N\u00b0 127<\/p>\n\n\n\n<p>                       <\/p>\n\n\n\n<p class=\"has-accent-color has-text-color has-large-font-size\"><strong>ACTIVIDAD PEDAG\u00d3GICA 08\/03\/23<\/strong><\/p>\n\n\n\n<p>Familias EP N\u00b0127: <\/p>\n\n\n\n<p>Les informamos que teniendo en cuenta que el 100% del personal docente y auxiliar adhiere al <strong>PARO programado para el mi\u00e9rcoles 8 de marzo por el D\u00eda Internacional de la Mujer Trabajadora<\/strong> no habr\u00e1 actividad pedag\u00f3gica en el Nivel Primario.<\/p>\n\n\n\n<p>Atte. Equipo de Conducci\u00f3n<\/p>\n\n\n\n<p><\/p>\n\n\n\n<p class=\"has-text-color has-x-large-font-size\" style=\"color:#7c0707\"><strong>ACTIVIDAD PEDAG\u00d3GICA 01\/03\/23<\/strong><\/p>\n\n\n\n<p>Estimadas familias del Nivel Primario:<\/p>\n\n\n\n<p>      En funci\u00f3n de la medida gremial docente convocada por SUTEBA Multicolor, informamos que en el d\u00eda de ma\u00f1ana, MI\u00c9RCOLES 01 de marzo <strong>tendr\u00e1n actividad<\/strong> <strong>pedag\u00f3gica<\/strong> los siguientes cursos:<\/p>\n\n\n\n<p class=\"has-medium-font-size\">                      <strong>1\u00b0 A,B,C,D y E<\/strong><\/p>\n\n\n\n<p class=\"has-medium-font-size\">                      <strong>2\u00b0 A.B.C y D<\/strong><\/p>\n\n\n\n<p class=\"has-medium-font-size\">                      <strong>3\u00b0 A,B,C y D<\/strong><\/p>\n\n\n\n<p class=\"has-medium-font-size\">                      <strong>4\u00b0 A,B,C,D y E<\/strong><\/p>\n\n\n\n<p class=\"has-medium-font-size\">                      <strong>5\u00b0 A,B y E<\/strong><\/p>\n\n\n\n<p class=\"has-medium-font-size\">                      <strong>6\u00b0 A y B<\/strong><\/p>\n\n\n\n<p>Respetando el cronograma de ingreso para el Inicio de las clases.<\/p>\n\n\n\n<p>Equipo Directivo EP N\u00b0 127<\/p>\n\n\n\n<p>                       <\/p>\n\n\n\n<p>                <\/p>\n\n\n\n<figure class=\"wp-block-image size-full\"><img decoding=\"async\" loading=\"lazy\" width=\"1080\" height=\"1080\" src=\"https:\/\/uanormal1-bue.infd.edu.ar\/sitio\/wp-content\/uploads\/2023\/02\/image.png\" alt=\"\" class=\"wp-image-4534\" srcset=\"https:\/\/uanormal1-bue.infd.edu.ar\/sitio\/wp-content\/uploads\/2023\/02\/image.png 1080w, https:\/\/uanormal1-bue.infd.edu.ar\/sitio\/wp-content\/uploads\/2023\/02\/image-1000x1000.png 1000w, https:\/\/uanormal1-bue.infd.edu.ar\/sitio\/wp-content\/uploads\/2023\/02\/image-500x500.png 500w, https:\/\/uanormal1-bue.infd.edu.ar\/sitio\/wp-content\/uploads\/2023\/02\/image-768x768.png 768w\" sizes=\"(max-width: 1080px) 100vw, 1080px\" \/><\/figure>\n\n\n\n<p class=\"has-vivid-green-cyan-color has-text-color\" style=\"font-size:30px\"><strong>ACTIVIDAD PEDAG\u00d3GICA 27\/10\/22<\/strong><\/p>\n\n\n\n<p>Estimadas familias del Nivel Primario:<\/p>\n\n\n\n<p>      En funci\u00f3n del paro convocado por el gremio docente SUTEBA Multicolor, informamos que el d\u00eda de ma\u00f1ana, jueves 27 de octubre <strong>tendr\u00e1n actividad<\/strong> pedag\u00f3gica los siguientes cursos:<\/p>\n\n\n\n<p><strong>1\u00b0 A y 1\u00b0 B<\/strong><\/p>\n\n\n\n<p><strong>3\u00b0 C y 3\u00b0 E<\/strong><\/p>\n\n\n\n<p><strong>4\u00b0 A, B, C y E<\/strong><\/p>\n\n\n\n<p><strong>5\u00b0 A<\/strong><\/p>\n\n\n\n<p>Atentamente EQUIPO DIRECTIVO NIVEL PRIMARIO<\/p>\n\n\n\n<p class=\"has-black-color has-text-color\">UNIDAD ACAD\u00c9MICA <\/p>\n\n\n\n<p><\/p>\n\n\n\n<p class=\"has-large-font-size\"><mark style=\"background-color:rgba(0, 0, 0, 0)\" class=\"has-inline-color has-luminous-vivid-amber-color\">ACTIVIDAD PEDAG\u00d3GICA 14\/09\/22<\/mark><\/p>\n\n\n\n<p>Estimadas familias del Nivel Primario:<\/p>\n\n\n\n<p>A ra\u00edz de la medida gremial docente convocada para el d\u00eda mi\u00e9rcoles <span class=\"has-inline-color has-luminous-vivid-amber-color\">14\/9<\/span>   informamos que tendr\u00e1n actividad pedag\u00f3gica los siguientes cursos:<\/p>\n\n\n\n<p class=\"has-medium-font-size\"><strong>1\u00b0 A<\/strong><\/p>\n\n\n\n<p class=\"has-medium-font-size\"><strong>3\u00b0 E<\/strong><\/p>\n\n\n\n<p class=\"has-medium-font-size\"><strong>6\u00b0 D<\/strong><\/p>\n\n\n\n<p>Atte. Equipo directivo<\/p>\n\n\n\n<p class=\"has-text-align-right\">06\/07\/22<\/p>\n\n\n\n<p class=\"has-large-font-size\"><mark style=\"background-color:rgba(0, 0, 0, 0)\" class=\"has-inline-color has-pale-cyan-blue-color\"><strong>PUERTA DE CALLE 14<\/strong><\/mark><\/p>\n\n\n\n<p>Estimadas familias: a partir de la reapertura de la puerta de calle 14 para el horario de salida, se <strong>HABILITA<\/strong> desde el 6\/7  la posibilidad del <strong>INGRESO<\/strong> para las y los estudiantes del Nivel Primario entre las 12:50 y las 13 hs.<\/p>\n\n\n\n<p>Tengamos en cuenta que en ese acceso, al encontrarse la rampa, <strong>tienen prioridad todos los miembros de la comunidad educativa con movilidad reducida. <\/strong><\/p>\n\n\n\n<p class=\"has-text-align-right\">4\/7\/22<\/p>\n\n\n\n<p style=\"font-size:25px\"><mark style=\"background-color:rgba(0, 0, 0, 0)\" class=\"has-inline-color has-vivid-green-cyan-color\"><strong>HORARIO DE ATENCI\u00d3N DE LAS NUEVAS AUTORIDADES DEL NIVEL PRIMARIO<\/strong><\/mark><\/p>\n\n\n\n<p>Estimadas familias de la EP N\u00b0127<\/p>\n\n\n\n<p>Les informamos los horarios y d\u00edas de atenci\u00f3n de las nuevas autoridades del nivel.<\/p>\n\n\n\n<p><strong>DIRECTORA<\/strong>: Alma M. Mendiluce, los d\u00edas <strong>lunes de 14 hs a 15 hs.<\/strong><\/p>\n\n\n\n<p><strong>VICEDIRECTORA<\/strong>: Silvia Avelenda, los d\u00edas <strong>martes de 14 hs a 15 hs<\/strong>.<\/p>\n\n\n\n<p><strong>VICEDIRECTORA<\/strong>: Silvia Luna, los d\u00eda <strong>mi\u00e9rcoles de 14 hs. a 15 hs.<\/strong><\/p>\n\n\n\n<h2 class=\"wp-block-heading\">Cambio de autoridades<\/h2>\n\n\n\n<p>                                                                                                                                                                               03\/06\/2022<br>Estimadas familias de la EP N\u00b0127<br><\/p>\n\n\n\n<p>Nos comunicamos con ustedes para hacerles saber que a partir del d\u00eda lunes 06\/6\/2022, la Sra Alma Mendiluce ser\u00e1 la Directora del Nivel Primario de esta Unidad Acad\u00e9mica.<br>Esta nueva organizaci\u00f3n se debe a que en el d\u00eda de ayer culmin\u00f3 el Concurso de Dres Titulares de la Regi\u00f3n 1, motivo por el cual la Srta Natalia Oliden y la Sra Mariela Ruffino continuar\u00e1n su trayectoria profesional en otras instituciones.<br>\u00abNos despedimos con un abrazo inmenso no sin antes agradecerles todo el apoyo, acompa\u00f1amiento, comprensi\u00f3n, afecto y ense\u00f1anzas recibidas a lo largo de tantos a\u00f1os en nuestro querido Normal 1\u00bb<br>                                                                        <\/p>\n\n\n\n<p>Atte. Equipo Directivo.<br>                                                                       <\/p>\n\n\n\n<p>Mariela, Natalia y Alma.<\/p>\n\n\n\n<h2 class=\"wp-block-heading\">Actividad pedag\u00f3gica 24\/05\/2022<\/h2>\n\n\n\n<p>Estimadas familias:<\/p>\n\n\n\n<p>El d\u00eda martes 24\/05\/2022 debido al paro de ATE y al no poder garantizar las condiciones de higiene de la instituci\u00f3n <strong>no habr\u00e1 actividad pedag\u00f3gica presencial<\/strong>. Cada estudiante llevar\u00e1 la propuesta pedag\u00f3gica para ser resuelta en el hogar. <\/p>\n\n\n\n<p>                                                                                   Atte. Equipo Directivo<\/p>\n\n\n\n<h2 class=\"wp-block-heading\">Censo 2022<\/h2>\n\n\n\n<p>Estimadas familias<\/p>\n\n\n\n<p>                                    Compartimos con ustedes la carta con algunos aspectos sobre el <strong>Censo Nacional de Poblaci\u00f3n, Hogares y Viviendas<\/strong> que fuera socializada por la Direcci\u00f3n del Nivel.<\/p>\n\n\n\n<p>                                                                                                                                Atte. Equipo Directivo<\/p>\n\n\n\n<div class=\"wp-block-file\"><a id=\"wp-block-file--media-37058440-53bf-470a-82ee-d37bfc9deae9\" href=\"https:\/\/uanormal1-bue.infd.edu.ar\/sitio\/wp-content\/uploads\/2022\/05\/CENSO-2022-Carta-a-las-familias.pdf\">CENSO 2022 &#8211; Carta a las familias<\/a><a href=\"https:\/\/uanormal1-bue.infd.edu.ar\/sitio\/wp-content\/uploads\/2022\/05\/CENSO-2022-Carta-a-las-familias.pdf\" class=\"wp-block-file__button wp-element-button\" download aria-describedby=\"wp-block-file--media-37058440-53bf-470a-82ee-d37bfc9deae9\">Descarga<\/a><\/div>\n\n\n\n<h2 class=\"wp-block-heading\">Actividad pedag\u00f3gica martes 17\/05\/2022<\/h2>\n\n\n\n<p class=\"has-text-align-left\"><br>Estimadas familias de la EP n 127.<\/p>\n\n\n\n<p class=\"has-text-align-left\"><br>                                            Les informamos que el d\u00eda 17\/5\/2022 tendr\u00e1n actividad pedag\u00f3gica los cursos que a continuaci\u00f3n se detallan:<\/p>\n\n\n\n<p class=\"has-text-align-left\"><br>                         <strong>1ro A. B. C y D<br>                         3ro. B<\/strong><br>                                                                                     <\/p>\n\n\n\n<p class=\"has-text-align-left\">                                                                                   Atte. Equipo Directivo<\/p>\n\n\n\n<p><\/p>\n\n\n\n<h3 class=\"wp-block-heading\">Acceso calle 14<\/h3>\n\n\n\n<p><\/p>\n\n\n\n<p>Estimadas familias:<\/p>\n\n\n\n<p>Les queremos comunicar que, a partir de ma\u00f1ana, viernes 13 de mayo, estar\u00e1 habilitado el acceso de calle 14, con rampa para personas con movilidad reducida.<\/p>\n\n\n\n<p>Por tal motivo, se reorganizar\u00e1n las salidas institucionales del Nivel Primario:<\/p>\n\n\n\n<p><strong>PUERTA DE CALLE 51<\/strong>&nbsp;salen: \u2013 los PRIMEROS A\u00d1OS (vereda hacia calle 15)<\/p>\n\n\n\n<p>                                                    \u2013 los SEGUNDOS A\u00d1OS (vereda hacia CALLE 14)<\/p>\n\n\n\n<p><strong>PUERTA DE CALLE 14<\/strong>&nbsp;salen: \u2013 los QUINTOS A\u00d1OS (vereda hacia calle 51)<\/p>\n\n\n\n<p>                                                      \u2013 los SEXTOS A\u00d1OS (vereda hacia calle 50)<\/p>\n\n\n\n<p class=\"has-text-align-center\">Atte.<\/p>\n\n\n\n<p class=\"has-text-align-right\">Equipo de Conducci\u00f3n EP N\u00b0 127<\/p>\n\n\n\n<h3 class=\"wp-block-heading\">Charla informativa para la comunidad educativa<\/h3>\n\n\n\n<p>Con motivo de la reciente aparici\u00f3n de alacranes en nuestro edificio llevaremos adelante, el pr\u00f3ximo viernes 1 de abril a las 15:30 hs, una charla informativa acerca de las caracter\u00edsticas de dichos animales y las posibles medidas preventivas.<\/p>\n\n\n\n<p>La exposici\u00f3n estar\u00e1 a cargo de la Directora de Zoonosis (Municipalidad de La Plata), veterinaria Paola Miceli.<\/p>\n\n\n\n<p>Direcci\u00f3n Unidad Acad\u00e9mica<\/p>\n\n\n\n<p><\/p>\n\n\n\n<h3 class=\"wp-block-heading\">Presencia de Alacranes en el edificio<\/h3>\n\n\n\n<p>Estimada Comunidad<\/p>\n\n\n\n<p>en las \u00faltimas semanas han aparecido tres alacranes en nuestro edificio. Esta situaci\u00f3n fue comunicada de inmediato a las instancias correspondientes. Los pasos seguidos incluyen el di\u00e1logo con autoridades de la Direcci\u00f3n de Zoonosis (Municipalidad de La Plata) y profesionales del Centro de Par\u00e1sitos Vectores (CEPAVE\/CONICET). Responsables de estos organismos han asesorado acerca de la situaci\u00f3n y del modo de proceder.<\/p>\n\n\n\n<p> Debemos tener en cuenta:<\/p>\n\n\n\n<p> a) Los alacranes forman parte de la fauna de la zona. Tal vez pueden tener presente que otra instituci\u00f3n del centro de la ciudad ha sido noticia, m\u00e1s de una vez, por id\u00e9ntica situaci\u00f3n. <\/p>\n\n\n\n<p>b) No se usan pesticidas contra ellos ya que \u00e9sto generar\u00eda una mayor dispersi\u00f3n, adem\u00e1s de ser peligrosos para los humanos.<\/p>\n\n\n\n<p>c) La prevenci\u00f3n consiste en colocar obst\u00e1culos a su desplazamiento. Una de las variantes es colocar malla de mosquitero en rejillas.<\/p>\n\n\n\n<p>d) En caso de picadura, dirigirse al Hospital de Ni\u00f1os (menores de 14 a\u00f1os), servicio de Toxicolog\u00eda. Mayores de 14, cualquier Hospital.<\/p>\n\n\n\n<p><br>Para el d\u00eda s\u00e1bado 9 de abril tenemos planificada una jornada de acondicionamiento de espacios. En ella colocaremos malla de mosquitero en las rejillas de ventilaci\u00f3n presentes en las paredes de las aulas planta baja.<\/p>\n\n\n\n<p>Direcci\u00f3n Unidad Acad\u00e9mica<\/p>\n\n\n\n<p><\/p>\n\n\n\n<h3 class=\"wp-block-heading\"><mark style=\"background-color:rgba(0, 0, 0, 0)\" class=\"has-inline-color has-vivid-green-cyan-color\">D\u00eda 8 de Marzo:<\/mark> <mark style=\"background-color:rgba(0, 0, 0, 0)\" class=\"has-inline-color has-vivid-red-color\">D\u00eda Internacional de la Mujer Trabajadora<\/mark><\/h3>\n\n\n\n<p>Estimadas familias:<\/p>\n\n\n\n<p>debido al paro convocado por el D\u00eda Internacional de la Mujer Trabajadora, este nivel suspende la actividad pedag\u00f3gica en todos los cursos.<\/p>\n\n\n\n<p>Atentamente , Equipo Directivo<\/p>\n\n\n\n<h3 class=\"wp-block-heading\"><mark style=\"background-color:rgba(0, 0, 0, 0)\" class=\"has-inline-color has-luminous-vivid-orange-color\">2 de Marzo:<\/mark><mark style=\"background-color:rgba(0, 0, 0, 0)\" class=\"has-inline-color has-vivid-red-color\"> \u00a1\u00a1Comienzan las clases!!<\/mark><\/h3>\n\n\n\n<p><strong>Horarios de ingreso:<\/strong><\/p>\n\n\n\n<p>6to a\u00f1o: 13 hs<\/p>\n\n\n\n<p>5to a\u00f1o: 13:30 hs<\/p>\n\n\n\n<p>4to a\u00f1o: 14:30 hs<\/p>\n\n\n\n<p>3er a\u00f1o: 15:00 hs<\/p>\n\n\n\n<p>2do a\u00f1o: 15:30 hs<\/p>\n\n\n\n<p>1er a\u00f1o: 16:30 hs<\/p>\n\n\n\n<h2 class=\"wp-block-heading\"><\/h2>\n\n\n\n<h2 class=\"wp-block-heading\"><\/h2>\n\n\n\n<h2 class=\"wp-block-heading\"><\/h2>\n\n\n\n<p><\/p>\n\n\n\n<div class=\"wp-block-media-text alignwide is-stacked-on-mobile\"><figure class=\"wp-block-media-text__media\"><\/figure><div class=\"wp-block-media-text__content\">\n<p class=\"has-large-font-size\"><\/p>\n<\/div><\/div>\n\n\n\n<p><\/p>\n","protected":false},"excerpt":{"rendered":"<p>ATENCI\u00d3N!! Teniendo en cuenta el PARO DOCENTE declarado para el d\u00eda MI\u00c9RCOLES 5 la Instituci\u00f3n informa que habr\u00e1 actividad pedag\u00f3gica en los siguientes cursos: 6\u00b0 A, C, D y E . Cualquier duda estamos a su disposici\u00f3n. Atte Equipo Directivo Acceso a Normalicemos la ESI &#8211; Revista Digital FECHAS DE INSCRIPCI\u00d3N AL LISTADO DE ASPIRANTES &#8230; <a title=\"Novedades del Nivel Primario\" class=\"read-more\" href=\"https:\/\/uanormal1-bue.infd.edu.ar\/sitio\/novedades-del-nivel-primario\/\" aria-label=\"More on Novedades del Nivel Primario\">[+]<\/a><\/p>\n","protected":false},"author":1244,"featured_media":0,"parent":0,"menu_order":0,"comment_status":"closed","ping_status":"closed","template":"","meta":[],"acf":[],"_links":{"self":[{"href":"https:\/\/uanormal1-bue.infd.edu.ar\/sitio\/wp-json\/wp\/v2\/pages\/3725"}],"collection":[{"href":"https:\/\/uanormal1-bue.infd.edu.ar\/sitio\/wp-json\/wp\/v2\/pages"}],"about":[{"href":"https:\/\/uanormal1-bue.infd.edu.ar\/sitio\/wp-json\/wp\/v2\/types\/page"}],"author":[{"embeddable":true,"href":"https:\/\/uanormal1-bue.infd.edu.ar\/sitio\/wp-json\/wp\/v2\/users\/1244"}],"replies":[{"embeddable":true,"href":"https:\/\/uanormal1-bue.infd.edu.ar\/sitio\/wp-json\/wp\/v2\/comments?post=3725"}],"version-history":[{"count":38,"href":"https:\/\/uanormal1-bue.infd.edu.ar\/sitio\/wp-json\/wp\/v2\/pages\/3725\/revisions"}],"predecessor-version":[{"id":5809,"href":"https:\/\/uanormal1-bue.infd.edu.ar\/sitio\/wp-json\/wp\/v2\/pages\/3725\/revisions\/5809"}],"wp:attachment":[{"href":"https:\/\/uanormal1-bue.infd.edu.ar\/sitio\/wp-json\/wp\/v2\/media?parent=3725"}],"curies":[{"name":"wp","href":"https:\/\/api.w.org\/{rel}","templated":true}]}}