{"id":3389,"date":"2021-12-06T09:55:24","date_gmt":"2021-12-06T12:55:24","guid":{"rendered":"https:\/\/uanormal1-bue.infd.edu.ar\/sitio\/?page_id=3389"},"modified":"2024-11-13T11:27:33","modified_gmt":"2024-11-13T14:27:33","slug":"inscripciones-2025-nivel-secundario-primer-ano","status":"publish","type":"page","link":"https:\/\/uanormal1-bue.infd.edu.ar\/sitio\/inscripciones-2025-nivel-secundario-primer-ano\/","title":{"rendered":"Inscripciones 2025 Nivel Secundario &#8211; Primer a\u00f1o."},"content":{"rendered":"\n<h2 class=\"wp-block-heading\"><strong>Condiciones de Ingreso:<\/strong><\/h2>\n\n\n\n<ol>\n<li><strong>Prioridades para la ocupaci\u00f3n de vacantes:<\/strong><\/li>\n<\/ol>\n\n\n\n<p id=\"block-ebab1e74-49dd-44bf-8768-b8de744db888\">a) Aquellos y aquellas estudiantes que proceden de otro nivel educativo anterior en la instituci\u00f3n, esto es, quienes ingresan a Primaria y a Secundaria luego de haber terminado el Jard\u00edn de Infantes y la Primaria en el Normal 1, respectivamente.<\/p>\n\n\n\n<p id=\"block-6d998876-f270-4376-9569-3b65526bfe7e\">b) Hermanos y hermanas de estudiantes que ya se encuentran en la Instituci\u00f3n.<\/p>\n\n\n\n<p id=\"block-78646dd9-a2f3-453e-b6d6-9ccb125c4067\">c) Cercan\u00eda: aquellos aspirantes que tengan domicilio de residencia dentro del \u00e1rea determinada por las calles 10 a 19 y 46 a 56, ambas veredas. Se tomar\u00e1 el domicilio de padre, madre o adulto responsable a cargo del ni\u00f1o\/a.<\/p>\n\n\n\n<figure class=\"wp-block-image\" id=\"block-00c16396-ba0f-4aee-ba3d-8cb30efa0e5c\"><img decoding=\"async\" src=\"https:\/\/uanormal1-bue.infd.edu.ar\/sitio\/wp-content\/uploads\/2021\/11\/cercania.jpeg\" alt=\"La imagen tiene un atributo ALT vac\u00edo; su nombre de archivo es cercania.jpeg\"\/><\/figure>\n\n\n\n<p id=\"block-26893abe-7afa-4187-b2d2-c96db0c14f56\">d) Otros interesados (quienes no cuentan con hermanos en la Instituci\u00f3n ni tienen domicilio en el \u00e1rea determinada en el punto c).<\/p>\n\n\n\n<p id=\"block-adff74ff-0222-4c0b-90e8-dcab81313f07\">Si el grupo de interesados en ingresar a cualquiera de los niveles (Jard\u00edn de Infantes, Primaria, Secundaria) en los items b,c y d fuera mayor a las vacantes disponibles, se proceder\u00e1 de acuerdo al orden que determine el sorteo que lleva a cabo la Direcci\u00f3n General de Cultura y Educaci\u00f3n de la Provincia de Buenos Aires.<\/p>\n\n\n\n<p id=\"block-bb30f5c7-f610-4e1d-b28f-9da3cbe2b15e\"><strong>2. La inscripci\u00f3n:<\/strong><\/p>\n\n\n\n<p id=\"block-87bfd163-634d-4537-8165-58d943f174c5\">El ni\u00f1o o ni\u00f1a aspirante a ingresar a la Instituci\u00f3n en el  Nivel Secundario deber\u00e1 ser inscripto\/a por un adulto (padre, madre o responsable a cargo). Dicha inscripci\u00f3n podr\u00e1 realizarse por formulario online o de modo presencial en la Instituci\u00f3n. Deber\u00e1 llenar un Formulario, que completar\u00e1 previamente y entregar\u00e1 a personal de la Instituci\u00f3n.<\/p>\n\n\n\n<p id=\"block-5df34fc5-bb51-4483-903f-f7fa90b3b7e5\"><strong>3. Fechas de inscripci\u00f3n:<\/strong><\/p>\n\n\n\n<p>Aspirantes pertenecientes a otras instituciones escolares: <strong>23 al 27 de diciembre de 2024.<\/strong><\/p>\n\n\n\n<p>En esos d\u00edas se encontrar\u00e1 habilitado el formulario online.<\/p>\n\n\n\n<div class=\"wp-block-buttons is-layout-flex\">\n<div class=\"wp-block-button\"><a class=\"wp-block-button__link has-contrast-color has-text-color has-background wp-element-button\" href=\"https:\/\/docs.google.com\/forms\/d\/e\/1FAIpQLScSaqiD3OCqX_KnfFU-6THnG9mK_weqButTev4zR-acT2yKjg\/closedform\" style=\"border-radius:23px;background-color:#f69b73\" target=\"_blank\" rel=\"noreferrer noopener\">Acceso a Formulario<\/a><\/div>\n<\/div>\n\n\n\n<p>Quien lo desee puede realizar la inscripci\u00f3n en la instituci\u00f3n, los mismos d\u00edas de 8:30 a 10:30 hs.<\/p>\n\n\n\n<p id=\"block-49f7c75a-98d8-48dd-92c4-05acdcc532e1\"><strong>4. Exhibici\u00f3n de listados<\/strong>:<\/p>\n\n\n\n<p>Visible con posterioridad al sorteo por el blog Institucional, de todas maneras los Aspirantes que ingresan por Sorteo, recibir\u00e1n un correo electr\u00f3nico con fecha y hora para acercar la documentaci\u00f3n necesaria para la Inscripci\u00f3n.<\/p>\n\n\n\n<h2 class=\"wp-block-heading has-medium-font-size\"><strong>*<\/strong> <strong>Interesados en ingreso de 2\u00b0 a 6\u00b0 a\u00f1o acercarse a la Instituci\u00f3n a partir del 15 de febrero de 2025.<\/strong><\/h2>\n","protected":false},"excerpt":{"rendered":"<p>Condiciones de Ingreso: a) Aquellos y aquellas estudiantes que proceden de otro nivel educativo anterior en la instituci\u00f3n, esto es, quienes ingresan a Primaria y a Secundaria luego de haber terminado el Jard\u00edn de Infantes y la Primaria en el Normal 1, respectivamente. b) Hermanos y hermanas de estudiantes que ya se encuentran en la &#8230; <a title=\"Inscripciones 2025 Nivel Secundario &#8211; Primer a\u00f1o.\" class=\"read-more\" href=\"https:\/\/uanormal1-bue.infd.edu.ar\/sitio\/inscripciones-2025-nivel-secundario-primer-ano\/\" aria-label=\"More on Inscripciones 2025 Nivel Secundario &#8211; Primer a\u00f1o.\">[+]<\/a><\/p>\n","protected":false},"author":3399,"featured_media":0,"parent":0,"menu_order":0,"comment_status":"closed","ping_status":"closed","template":"","meta":[],"acf":[],"_links":{"self":[{"href":"https:\/\/uanormal1-bue.infd.edu.ar\/sitio\/wp-json\/wp\/v2\/pages\/3389"}],"collection":[{"href":"https:\/\/uanormal1-bue.infd.edu.ar\/sitio\/wp-json\/wp\/v2\/pages"}],"about":[{"href":"https:\/\/uanormal1-bue.infd.edu.ar\/sitio\/wp-json\/wp\/v2\/types\/page"}],"author":[{"embeddable":true,"href":"https:\/\/uanormal1-bue.infd.edu.ar\/sitio\/wp-json\/wp\/v2\/users\/3399"}],"replies":[{"embeddable":true,"href":"https:\/\/uanormal1-bue.infd.edu.ar\/sitio\/wp-json\/wp\/v2\/comments?post=3389"}],"version-history":[{"count":40,"href":"https:\/\/uanormal1-bue.infd.edu.ar\/sitio\/wp-json\/wp\/v2\/pages\/3389\/revisions"}],"predecessor-version":[{"id":5599,"href":"https:\/\/uanormal1-bue.infd.edu.ar\/sitio\/wp-json\/wp\/v2\/pages\/3389\/revisions\/5599"}],"wp:attachment":[{"href":"https:\/\/uanormal1-bue.infd.edu.ar\/sitio\/wp-json\/wp\/v2\/media?parent=3389"}],"curies":[{"name":"wp","href":"https:\/\/api.w.org\/{rel}","templated":true}]}}