{"id":3104,"date":"2021-11-12T06:43:00","date_gmt":"2021-11-12T09:43:00","guid":{"rendered":"https:\/\/uanormal1-bue.infd.edu.ar\/sitio\/?page_id=3104"},"modified":"2025-12-26T12:38:34","modified_gmt":"2025-12-26T15:38:34","slug":"ingreso-a-jardin-y-primaria","status":"publish","type":"page","link":"https:\/\/uanormal1-bue.infd.edu.ar\/sitio\/ingreso-a-jardin-y-primaria\/","title":{"rendered":"Ingreso a Jard\u00edn de Infantes y Primaria 2026"},"content":{"rendered":"\n<h2 class=\"wp-block-heading\">Condiciones para el Ingreso<\/h2>\n\n\n\n<ol>\n<li><strong>Prioridades para la ocupaci\u00f3n de vacantes: <\/strong><\/li>\n<\/ol>\n\n\n\n<p>a) Aquellos y aquellas estudiantes que proceden de otro nivel educativo anterior en la instituci\u00f3n, esto es, quienes ingresan a Primaria y a Secundaria luego de haber terminado el Jard\u00edn de Infantes y la Primaria en el Normal 1, respectivamente.<\/p>\n\n\n\n<p>b) Hermanos y hermanas de estudiantes que ya se encuentran en la Instituci\u00f3n.<\/p>\n\n\n\n<p>c) Cercan\u00eda: aquellos aspirantes que tengan domicilio de residencia dentro del \u00e1rea determinada por las calles 10 a 19 y 46 a 56, ambas veredas. Se tomar\u00e1 el domicilio de padre, madre o adulto responsable a cargo del ni\u00f1o\/a.<\/p>\n\n\n\n<figure class=\"wp-block-image size-large is-resized\"><img decoding=\"async\" loading=\"lazy\" src=\"https:\/\/uanormal1-bue.infd.edu.ar\/sitio\/wp-content\/uploads\/2021\/11\/cercania.jpeg\" alt=\"\" class=\"wp-image-3107\" width=\"465\" height=\"373\"\/><\/figure>\n\n\n\n<p>d) Otros interesados (quienes no cuentan con hermanos en la Instituci\u00f3n ni tienen domicilio en el \u00e1rea determinada en el punto c).<\/p>\n\n\n\n<p>Si el grupo de interesados en ingresar a cualquiera de los niveles (Jard\u00edn de Infantes, Primaria) en los items b, c y d fuera mayor a las vacantes disponibles, se proceder\u00e1 de acuerdo al orden que determine el sorteo que disponga la Direcci\u00f3n General de Cultura y Educaci\u00f3n de la Provincia de Buenos Aires. <\/p>\n\n\n\n<p><strong>2. La inscripci\u00f3n:<\/strong><\/p>\n\n\n\n<p>El ni\u00f1o o ni\u00f1a aspirante a ingresar en alguno de los niveles de la instituci\u00f3n (Jard\u00edn de Infantes, Primaria) deber\u00e1 ser inscripto\/a por un adulto (padre, madre o responsable a cargo). Dicha inscripci\u00f3n podr\u00e1 realizarse online o presencial en la Instituci\u00f3n. En ambos casos se llenar\u00e1 un Formulario y \u00e9ste enviar\u00e1 a la direcci\u00f3n de mail que se declare la confirmaci\u00f3n de la acci\u00f3n realizada. En caso de ser necesario otorgar vacantes por sorteo, ser\u00e1n utilizados los \u00faltimos tres d\u00edgitos del DNI del aspirante. La Direcci\u00f3n General de Cultura y Educaci\u00f3n de la Provincia de Buenos Aires dispondr\u00e1 fecha y sorteo a tener en cuenta. Los datos ser\u00e1n informados en esta p\u00e1gina. <\/p>\n\n\n\n<p>Sorteo de aspirantes a Nivel Inicial: Loter\u00eda de la Provincia, fecha a confirmar.<\/p>\n\n\n\n<p>Sorteo de aspirantes a 1er a\u00f1o de Nivel Primario: S\u00e1bado 6 de Diciembre por Loter\u00eda de la Provincia, Nocturna.<\/p>\n\n\n\n<p>Sorteo de aspirantes de 2\u00ba a 6\u00ba a\u00f1o del Nivel Primario: Martes 23 de Diciembre por Loter\u00eda de la Provincia, Nocturna.<\/p>\n\n\n\n<p><\/p>\n\n\n\n<p><strong>3. Fechas de inscripci\u00f3n:<\/strong><\/p>\n\n\n\n<p>a) <em><strong>Jard\u00edn<\/strong><\/em><strong><em> de Infantes:<\/em><\/strong><\/p>\n\n\n\n<p>Sala de 3, 4 y 5 a\u00f1os Turno Ma\u00f1ana y Tarde: del 10 al 21 de noviembre de 2025.<\/p>\n\n\n\n<p>Aquellos\/as que requieran o deseen hacerlo de modo presencial, podr\u00e1n acercarse a la Instituci\u00f3n los mismos d\u00edas, de 8:30 a 10 hs y de 13:30 a 15 hs.<\/p>\n\n\n\n<p>Acceso por calle 50 casi esquina 15.<\/p>\n\n\n\n<p>b) <em><strong>Primario<\/strong><\/em>:<\/p>\n\n\n\n<p>Primer a\u00f1o: solo turno tarde, del 21 al 28 de noviembre de 2025.<\/p>\n\n\n\n<p>Aquellos\/as que requieran o deseen hacerlo de modo presencial, podr\u00e1n acercarse a la Instituci\u00f3n los mismos d\u00edas, de 13:30 a 15 hs. Acceso por calle 51.<\/p>\n\n\n\n<p>De 2\u00ba a 6\u00ba a\u00f1o: del 15 al 22 de Diciembre de 2025. Se habilitar\u00e1 un formulario en esta p\u00e1gina web para concretar la inscripci\u00f3n.<\/p>\n\n\n\n<p><\/p>\n\n\n\n<p><strong>4. Formularios de Inscripci\u00f3n:<\/strong><\/p>\n\n\n\n<p><a href=\"https:\/\/forms.gle\/edH4n6w1gvhTqf6n7\">Jard\u00edn de Infantes<\/a><a href=\"https:\/\/forms.gle\/jr5ghpqmu26Z68P98\"> <\/a>(enlace habilitado desde el martes 10 hasta el viernes 14 de noviembre)<\/p>\n\n\n\n<p><a href=\"https:\/\/docs.google.com\/forms\/d\/e\/1FAIpQLScJYnjrR1QLyojNiZAx8zIAeU3VkdvNoogx0t8Vxw0tt_Eu3A\/viewform?usp=publish-editor\" target=\"_blank\" rel=\"noreferrer noopener\">Primaria 1er a\u00f1o <\/a> (enlace habilitado desde el viernes 21 hasta el viernes 28 de noviembre)<\/p>\n\n\n\n<p><a href=\"https:\/\/docs.google.com\/forms\/d\/1I6R-T0XHZKiNLpjbR2T1_ZvRD0zUOgV2Pgs9ctCbGrY\/edit\" data-type=\"URL\" data-id=\"https:\/\/forms.gle\/is6J5QrRSp2yKKWz6\">Primaria de 2\u00b0 a 6\u00b0 a\u00f1o<\/a> (enlace habilitado desde el lunes 15 hasta el lunes 22 de diciembre)<\/p>\n\n\n\n<p><strong>5. Exhibici\u00f3n de listados: <\/strong><\/p>\n\n\n\n<h3 class=\"wp-block-heading\">Resultado del Sorteo<\/h3>\n\n\n\n<p><strong>CICLO LECTIVO 2026 NIVEL INICIAL &#8211; LISTADO DE ASPIRANTES<\/strong> <strong>DESDE EL 28\/11 AL 4\/12<\/strong><\/p>\n\n\n\n<p><strong>CICLO LECTIVO 2026 NIVEL PRIMARIO &#8211; LISTADO DE ASPIRANTES<\/strong> <strong>PARA 1\u00b0 A\u00d1O<\/strong> <strong>DESDE<\/strong> <strong>EL 10\/1<\/strong>2 <\/p>\n\n\n\n<p> <\/p>\n\n\n\n<div style=\"max-width:100% !important; width:100% !important;\">\n    <iframe loading=\"lazy\" \n        src=\"https:\/\/docs.google.com\/document\/d\/e\/2PACX-1vSGezFmy5jtPObuRKVvNgZzmeXvLyPo6izXG63TGt5LP2khLljoDQgJTXDEXDt0QQ\/pub?embedded=true\" \n        width=\"100%\" \n        height=\"600\" \n        style=\"border:0;\">\n    <\/iframe>\n<\/div>\n\n\n\n<p><strong>CICLO LECTIVO 2026 NIVEL PRIMARIO &#8211; LISTADO DE ASPIRANTES<\/strong> <strong>DE 2\u00b0 A 6\u00b0 A\u00d1O DESDE EL 29\/12<\/strong><\/p>\n\n\n\n\n\n<div style=\"max-width:100% !important; width:100% !important;\">\n    <iframe loading=\"lazy\" \n        src=\"https:\/\/docs.google.com\/document\/d\/e\/2PACX-1vSBWA1n_Z5yWp_f13TcIG0unNbS6C6FLnWERC8viu2IAKlcN87Wi8X60ZaLeizF_A\/pub?embedded=true\" \n        width=\"100%\" \n        height=\"1200\" \n        style=\"border:0;\">\n    <\/iframe>\n<\/div>\n\n","protected":false},"excerpt":{"rendered":"<p>Condiciones para el Ingreso a) Aquellos y aquellas estudiantes que proceden de otro nivel educativo anterior en la instituci\u00f3n, esto es, quienes ingresan a Primaria y a Secundaria luego de haber terminado el Jard\u00edn de Infantes y la Primaria en el Normal 1, respectivamente. b) Hermanos y hermanas de estudiantes que ya se encuentran en &#8230; <a title=\"Ingreso a Jard\u00edn de Infantes y Primaria 2026\" class=\"read-more\" href=\"https:\/\/uanormal1-bue.infd.edu.ar\/sitio\/ingreso-a-jardin-y-primaria\/\" aria-label=\"More on Ingreso a Jard\u00edn de Infantes y Primaria 2026\">[+]<\/a><\/p>\n","protected":false},"author":1244,"featured_media":0,"parent":0,"menu_order":0,"comment_status":"closed","ping_status":"closed","template":"","meta":[],"acf":[],"_links":{"self":[{"href":"https:\/\/uanormal1-bue.infd.edu.ar\/sitio\/wp-json\/wp\/v2\/pages\/3104"}],"collection":[{"href":"https:\/\/uanormal1-bue.infd.edu.ar\/sitio\/wp-json\/wp\/v2\/pages"}],"about":[{"href":"https:\/\/uanormal1-bue.infd.edu.ar\/sitio\/wp-json\/wp\/v2\/types\/page"}],"author":[{"embeddable":true,"href":"https:\/\/uanormal1-bue.infd.edu.ar\/sitio\/wp-json\/wp\/v2\/users\/1244"}],"replies":[{"embeddable":true,"href":"https:\/\/uanormal1-bue.infd.edu.ar\/sitio\/wp-json\/wp\/v2\/comments?post=3104"}],"version-history":[{"count":160,"href":"https:\/\/uanormal1-bue.infd.edu.ar\/sitio\/wp-json\/wp\/v2\/pages\/3104\/revisions"}],"predecessor-version":[{"id":6208,"href":"https:\/\/uanormal1-bue.infd.edu.ar\/sitio\/wp-json\/wp\/v2\/pages\/3104\/revisions\/6208"}],"wp:attachment":[{"href":"https:\/\/uanormal1-bue.infd.edu.ar\/sitio\/wp-json\/wp\/v2\/media?parent=3104"}],"curies":[{"name":"wp","href":"https:\/\/api.w.org\/{rel}","templated":true}]}}