{"id":2535,"date":"2021-02-08T20:51:28","date_gmt":"2021-02-08T23:51:28","guid":{"rendered":"https:\/\/uanormal1-bue.infd.edu.ar\/sitio\/?page_id=2535"},"modified":"2021-09-15T12:06:58","modified_gmt":"2021-09-15T15:06:58","slug":"gestion-directiva","status":"publish","type":"page","link":"https:\/\/uanormal1-bue.infd.edu.ar\/sitio\/gestion-directiva\/","title":{"rendered":"Gesti\u00f3n Directiva"},"content":{"rendered":"<p><strong>Setiembre 2021 &#8211; Potabilidad de agua de tanques<\/strong><\/p>\n<p><img decoding=\"async\" loading=\"lazy\" class=\"alignnone size-full wp-image-2944\" src=\"https:\/\/uanormal1-bue.infd.edu.ar\/sitio\/wp-content\/uploads\/2021\/09\/potabilidad.png\" alt=\"\" width=\"511\" height=\"585\" \/><\/p>\n<p><strong>8 de febrero de 2021<\/strong><\/p>\n<p>Email enviado al Consejo Escolar La Plata e Inspectora de la Unidad Acad\u00e9mica con motivo de la situaci\u00f3n del edificio ante el pr\u00f3ximo inicio de clases.<\/p>\n<p><a href=\"https:\/\/uanormal1-bue.infd.edu.ar\/sitio\/gestion-directiva\/mail1\/#main\" rel=\"attachment wp-att-2540\"><img decoding=\"async\" loading=\"lazy\" class=\"alignleft wp-image-2540 size-full\" src=\"https:\/\/uanormal1-bue.infd.edu.ar\/sitio\/wp-content\/uploads\/2021\/02\/mail1.jpg\" alt=\"\" width=\"1141\" height=\"485\" srcset=\"https:\/\/uanormal1-bue.infd.edu.ar\/sitio\/wp-content\/uploads\/2021\/02\/mail1.jpg 1141w, https:\/\/uanormal1-bue.infd.edu.ar\/sitio\/wp-content\/uploads\/2021\/02\/mail1-1000x425.jpg 1000w, https:\/\/uanormal1-bue.infd.edu.ar\/sitio\/wp-content\/uploads\/2021\/02\/mail1-768x326.jpg 768w\" sizes=\"(max-width: 1141px) 100vw, 1141px\" \/><\/a><\/p>\n<p><a href=\"https:\/\/drive.google.com\/file\/d\/18OeyW8uL0GGTofXTgCJKma54Ehu4UZ7U\/view?usp=sharing\" target=\"_blank\" rel=\"noopener\">Acceso de lectura al archivo adjunto del mail<\/a><\/p>\n<p>Respuesta (recibido) de Infraestructura Consejo Escolar La Plata<\/p>\n<p><a href=\"https:\/\/uanormal1-bue.infd.edu.ar\/sitio\/gestion-directiva\/recibido-celp\/#main\" rel=\"attachment wp-att-2548\"><img decoding=\"async\" loading=\"lazy\" class=\"alignnone size-medium wp-image-2548\" src=\"https:\/\/uanormal1-bue.infd.edu.ar\/sitio\/wp-content\/uploads\/2021\/02\/recibido-CELP-1000x436.jpg\" alt=\"\" width=\"1000\" height=\"436\" srcset=\"https:\/\/uanormal1-bue.infd.edu.ar\/sitio\/wp-content\/uploads\/2021\/02\/recibido-CELP-1000x436.jpg 1000w, https:\/\/uanormal1-bue.infd.edu.ar\/sitio\/wp-content\/uploads\/2021\/02\/recibido-CELP-768x335.jpg 768w, https:\/\/uanormal1-bue.infd.edu.ar\/sitio\/wp-content\/uploads\/2021\/02\/recibido-CELP.jpg 1306w\" sizes=\"(max-width: 1000px) 100vw, 1000px\" \/><\/a><\/p>\n","protected":false},"excerpt":{"rendered":"<p>Setiembre 2021 &#8211; Potabilidad de agua de tanques 8 de febrero de 2021 Email enviado al Consejo Escolar La Plata e Inspectora de la Unidad Acad\u00e9mica con motivo de la situaci\u00f3n del edificio ante el pr\u00f3ximo inicio de clases. Acceso de lectura al archivo adjunto del mail Respuesta (recibido) de Infraestructura Consejo Escolar La Plata<\/p>\n","protected":false},"author":1244,"featured_media":0,"parent":0,"menu_order":0,"comment_status":"closed","ping_status":"closed","template":"","meta":[],"acf":[],"_links":{"self":[{"href":"https:\/\/uanormal1-bue.infd.edu.ar\/sitio\/wp-json\/wp\/v2\/pages\/2535"}],"collection":[{"href":"https:\/\/uanormal1-bue.infd.edu.ar\/sitio\/wp-json\/wp\/v2\/pages"}],"about":[{"href":"https:\/\/uanormal1-bue.infd.edu.ar\/sitio\/wp-json\/wp\/v2\/types\/page"}],"author":[{"embeddable":true,"href":"https:\/\/uanormal1-bue.infd.edu.ar\/sitio\/wp-json\/wp\/v2\/users\/1244"}],"replies":[{"embeddable":true,"href":"https:\/\/uanormal1-bue.infd.edu.ar\/sitio\/wp-json\/wp\/v2\/comments?post=2535"}],"version-history":[{"count":11,"href":"https:\/\/uanormal1-bue.infd.edu.ar\/sitio\/wp-json\/wp\/v2\/pages\/2535\/revisions"}],"predecessor-version":[{"id":2945,"href":"https:\/\/uanormal1-bue.infd.edu.ar\/sitio\/wp-json\/wp\/v2\/pages\/2535\/revisions\/2945"}],"wp:attachment":[{"href":"https:\/\/uanormal1-bue.infd.edu.ar\/sitio\/wp-json\/wp\/v2\/media?parent=2535"}],"curies":[{"name":"wp","href":"https:\/\/api.w.org\/{rel}","templated":true}]}}