{"id":2410,"date":"2020-11-19T12:15:24","date_gmt":"2020-11-19T15:15:24","guid":{"rendered":"https:\/\/uanormal1-bue.infd.edu.ar\/sitio\/?page_id=2410"},"modified":"2025-11-06T11:06:35","modified_gmt":"2025-11-06T14:06:35","slug":"carreras-que-ofrece-el-instituto-95","status":"publish","type":"page","link":"https:\/\/uanormal1-bue.infd.edu.ar\/sitio\/carreras-que-ofrece-el-instituto-95\/","title":{"rendered":"Carreras del Instituto Superior de Formaci\u00f3n Docente 95"},"content":{"rendered":"<h3><span style=\"color: #000000;\">Profesorados \u00a0 <\/span><\/h3>\n<h6><span style=\"color: #999999;\">Todos los profesorados son de 4 a\u00f1os. Modalidad presencial<br \/><\/span><\/h6>\n<h4><span style=\"color: #008080;\">Profesorado de Educaci\u00f3n Primaria.<\/span><\/h4>\n<h5><span style=\"color: #008080;\"> Turno Tarde, Lunes a Viernes de 13:00 a 18:00 hs.<\/span><\/h5>\n<h4><span style=\"color: #003300;\">Profesorado de Historia. <\/span><\/h4>\n<h4><span style=\"color: #003300;\">Profesorado de Biolog\u00eda.<br \/><\/span><\/h4>\n<h4><span style=\"color: #003300;\">Profesorado de F\u00edsica.<br \/><\/span><\/h4>\n<h4><span style=\"color: #003300;\">Profesorado de Qu\u00edmica. <\/span><\/h4>\n<h5><span style=\"color: #003300;\">Turno Vespertino, Lunes a Viernes de 17:30 a 22:30 hs.<\/span><\/h5>\n<p><a href=\"https:\/\/uanormal1-bue.infd.edu.ar\/sitio\/ingreso-a-profesorados\/\" target=\"_blank\" rel=\"noopener\">MAS INFORMACI\u00d3N<\/a><\/p>\n<p>\u00a0<\/p>\n\n\n<p><a href=\"https:\/\/docs.google.com\/presentation\/d\/1Z_dowEHk-YgTycHWiqcM2B7rp-bPtF0IN3keiBWrarg\/edit?usp=sharing\" target=\"_blank\" rel=\"noreferrer noopener\">Carreras de Nivel Superior en La Plata<\/a><\/p>\n\n\n\n<p><mark style=\"background-color:rgba(0, 0, 0, 0)\" class=\"has-inline-color has-cyan-bluish-gray-color\">Informaci\u00f3n actualizada en noviembre de 2025<\/mark><\/p>\n","protected":false},"excerpt":{"rendered":"<p>Profesorados \u00a0 Todos los profesorados son de 4 a\u00f1os. Modalidad presencial Profesorado de Educaci\u00f3n Primaria. Turno Tarde, Lunes a Viernes de 13:00 a 18:00 hs. Profesorado de Historia. Profesorado de Biolog\u00eda. Profesorado de F\u00edsica. Profesorado de Qu\u00edmica. Turno Vespertino, Lunes a Viernes de 17:30 a 22:30 hs. MAS INFORMACI\u00d3N \u00a0 Carreras de Nivel Superior en &#8230; <a title=\"Carreras del Instituto Superior de Formaci\u00f3n Docente 95\" class=\"read-more\" href=\"https:\/\/uanormal1-bue.infd.edu.ar\/sitio\/carreras-que-ofrece-el-instituto-95\/\" aria-label=\"More on Carreras del Instituto Superior de Formaci\u00f3n Docente 95\">[+]<\/a><\/p>\n","protected":false},"author":1244,"featured_media":0,"parent":0,"menu_order":0,"comment_status":"closed","ping_status":"closed","template":"","meta":[],"acf":[],"_links":{"self":[{"href":"https:\/\/uanormal1-bue.infd.edu.ar\/sitio\/wp-json\/wp\/v2\/pages\/2410"}],"collection":[{"href":"https:\/\/uanormal1-bue.infd.edu.ar\/sitio\/wp-json\/wp\/v2\/pages"}],"about":[{"href":"https:\/\/uanormal1-bue.infd.edu.ar\/sitio\/wp-json\/wp\/v2\/types\/page"}],"author":[{"embeddable":true,"href":"https:\/\/uanormal1-bue.infd.edu.ar\/sitio\/wp-json\/wp\/v2\/users\/1244"}],"replies":[{"embeddable":true,"href":"https:\/\/uanormal1-bue.infd.edu.ar\/sitio\/wp-json\/wp\/v2\/comments?post=2410"}],"version-history":[{"count":23,"href":"https:\/\/uanormal1-bue.infd.edu.ar\/sitio\/wp-json\/wp\/v2\/pages\/2410\/revisions"}],"predecessor-version":[{"id":6096,"href":"https:\/\/uanormal1-bue.infd.edu.ar\/sitio\/wp-json\/wp\/v2\/pages\/2410\/revisions\/6096"}],"wp:attachment":[{"href":"https:\/\/uanormal1-bue.infd.edu.ar\/sitio\/wp-json\/wp\/v2\/media?parent=2410"}],"curies":[{"name":"wp","href":"https:\/\/api.w.org\/{rel}","templated":true}]}}