{"id":2240,"date":"2020-09-18T18:35:49","date_gmt":"2020-09-18T21:35:49","guid":{"rendered":"https:\/\/uanormal1-bue.infd.edu.ar\/sitio\/?page_id=2240"},"modified":"2026-02-02T22:38:15","modified_gmt":"2026-02-03T01:38:15","slug":"inscripcion-a-examenes-finales","status":"publish","type":"page","link":"https:\/\/uanormal1-bue.infd.edu.ar\/sitio\/inscripcion-a-examenes-finales\/","title":{"rendered":"Ex\u00e1menes Finales Turno Febrero 2026"},"content":{"rendered":"\n<p><\/p>\n\n\n\n<h4 class=\"wp-block-heading\">Cronograma de Mesas de Examen<\/h4>\n\n\n\n<iframe loading=\"lazy\" src=\"https:\/\/docs.google.com\/spreadsheets\/d\/e\/2PACX-1vRN1oMA8UuMP4GgdtnvBVBqtuyz1yeErxXavHkvbD0KMrEYeFcsuOI1zplDPS-cDw\/pubhtml?widget=true&amp;headers=false\" width=\"2000\" height=\"450\"><\/iframe>\n\n\n\n<h6 class=\"wp-block-heading has-base-3-color has-text-color\"><\/h6>\n\n\n\n<h3 class=\"wp-block-heading\"><span style=\"color: #808080;\"><span style=\"color: #000000;\"><a href=\"https:\/\/uanormal1-bue.infd.edu.ar\/sitio\/?page_id=4284\">Acceso a Formularios de Inscripci\u00f3n<\/a><\/span><\/span><\/h3>\n\n\n\n<p>Formularios de inscripci\u00f3n abiertos hasta el 10 de febrero de 2026<\/p>\n\n\n\n<p class=\"has-base-3-color has-text-color\"><\/p>\n\n\n\n<p class=\"has-base-3-color has-text-color\">En los turnos de Febrero\/Marzo y Noviembre\/Diciembre, las\/los estudiantes realizar\u00e1n una \u00fanica inscripci\u00f3n para ambos llamados. Quienes desaprueben en el primer llamado no podr\u00e1n rendir el mismo espacio curricular en el 2\u00b0 llamado.&nbsp;<\/p>\n\n\n\n<p><\/p>\n","protected":false},"excerpt":{"rendered":"<p>Cronograma de Mesas de Examen Acceso a Formularios de Inscripci\u00f3n Formularios de inscripci\u00f3n abiertos hasta el 10 de febrero de 2026 En los turnos de Febrero\/Marzo y Noviembre\/Diciembre, las\/los estudiantes realizar\u00e1n una \u00fanica inscripci\u00f3n para ambos llamados. Quienes desaprueben en el primer llamado no podr\u00e1n rendir el mismo espacio curricular en el 2\u00b0 llamado.&nbsp;<\/p>\n","protected":false},"author":1244,"featured_media":0,"parent":0,"menu_order":0,"comment_status":"closed","ping_status":"closed","template":"","meta":[],"acf":[],"_links":{"self":[{"href":"https:\/\/uanormal1-bue.infd.edu.ar\/sitio\/wp-json\/wp\/v2\/pages\/2240"}],"collection":[{"href":"https:\/\/uanormal1-bue.infd.edu.ar\/sitio\/wp-json\/wp\/v2\/pages"}],"about":[{"href":"https:\/\/uanormal1-bue.infd.edu.ar\/sitio\/wp-json\/wp\/v2\/types\/page"}],"author":[{"embeddable":true,"href":"https:\/\/uanormal1-bue.infd.edu.ar\/sitio\/wp-json\/wp\/v2\/users\/1244"}],"replies":[{"embeddable":true,"href":"https:\/\/uanormal1-bue.infd.edu.ar\/sitio\/wp-json\/wp\/v2\/comments?post=2240"}],"version-history":[{"count":206,"href":"https:\/\/uanormal1-bue.infd.edu.ar\/sitio\/wp-json\/wp\/v2\/pages\/2240\/revisions"}],"predecessor-version":[{"id":6223,"href":"https:\/\/uanormal1-bue.infd.edu.ar\/sitio\/wp-json\/wp\/v2\/pages\/2240\/revisions\/6223"}],"wp:attachment":[{"href":"https:\/\/uanormal1-bue.infd.edu.ar\/sitio\/wp-json\/wp\/v2\/media?parent=2240"}],"curies":[{"name":"wp","href":"https:\/\/api.w.org\/{rel}","templated":true}]}}