{"id":2012,"date":"2020-04-03T09:28:49","date_gmt":"2020-04-03T12:28:49","guid":{"rendered":"https:\/\/uanormal1-bue.infd.edu.ar\/sitio\/?page_id=2012"},"modified":"2020-04-05T09:46:32","modified_gmt":"2020-04-05T12:46:32","slug":"instructivos-para-utilizacion-del-campus-virtual","status":"publish","type":"page","link":"https:\/\/uanormal1-bue.infd.edu.ar\/sitio\/instructivos-para-utilizacion-del-campus-virtual\/","title":{"rendered":"Instructivos para utilizaci\u00f3n del Campus Virtual"},"content":{"rendered":"<p><a href=\"https:\/\/youtu.be\/oMEv1F4pAyg\" target=\"_blank\" rel=\"noopener\">Utilizaci\u00f3n del Campus Virtual desde Celular: Alumnos\u00a0<\/a><\/p>\n<p><a href=\"https:\/\/youtu.be\/4Y2LfmZikM4\" target=\"_blank\" rel=\"noopener\">Utilizaci\u00f3n del Campus Virtual desde Celular: Docentes<\/a><\/p>\n<p><a href=\"https:\/\/youtu.be\/c4e_iXc-Z6M\" target=\"_blank\" rel=\"noopener\">Utilizaci\u00f3n del Campus desde PC: Alumnos<\/a><\/p>\n<p><a href=\"https:\/\/youtu.be\/tBG4LTpuggA\">Utilizaci\u00f3n del Campus desde PC: Docentes<\/a><\/p>\n<p>&nbsp;<\/p>\n","protected":false},"excerpt":{"rendered":"<p>Utilizaci\u00f3n del Campus Virtual desde Celular: Alumnos\u00a0 Utilizaci\u00f3n del Campus Virtual desde Celular: Docentes Utilizaci\u00f3n del Campus desde PC: Alumnos Utilizaci\u00f3n del Campus desde PC: Docentes &nbsp;<\/p>\n","protected":false},"author":1244,"featured_media":0,"parent":0,"menu_order":0,"comment_status":"closed","ping_status":"closed","template":"","meta":[],"acf":[],"_links":{"self":[{"href":"https:\/\/uanormal1-bue.infd.edu.ar\/sitio\/wp-json\/wp\/v2\/pages\/2012"}],"collection":[{"href":"https:\/\/uanormal1-bue.infd.edu.ar\/sitio\/wp-json\/wp\/v2\/pages"}],"about":[{"href":"https:\/\/uanormal1-bue.infd.edu.ar\/sitio\/wp-json\/wp\/v2\/types\/page"}],"author":[{"embeddable":true,"href":"https:\/\/uanormal1-bue.infd.edu.ar\/sitio\/wp-json\/wp\/v2\/users\/1244"}],"replies":[{"embeddable":true,"href":"https:\/\/uanormal1-bue.infd.edu.ar\/sitio\/wp-json\/wp\/v2\/comments?post=2012"}],"version-history":[{"count":4,"href":"https:\/\/uanormal1-bue.infd.edu.ar\/sitio\/wp-json\/wp\/v2\/pages\/2012\/revisions"}],"predecessor-version":[{"id":2027,"href":"https:\/\/uanormal1-bue.infd.edu.ar\/sitio\/wp-json\/wp\/v2\/pages\/2012\/revisions\/2027"}],"wp:attachment":[{"href":"https:\/\/uanormal1-bue.infd.edu.ar\/sitio\/wp-json\/wp\/v2\/media?parent=2012"}],"curies":[{"name":"wp","href":"https:\/\/api.w.org\/{rel}","templated":true}]}}