{"id":1077,"date":"2018-07-02T18:46:48","date_gmt":"2018-07-02T21:46:48","guid":{"rendered":"https:\/\/uanormal1-bue.infd.edu.ar\/sitio\/plan-de-estudios-3\/"},"modified":"2020-12-03T23:01:34","modified_gmt":"2020-12-04T02:01:34","slug":"plan-de-estudios-3","status":"publish","type":"page","link":"https:\/\/uanormal1-bue.infd.edu.ar\/sitio\/plan-de-estudios-3\/","title":{"rendered":"Plan de estudios"},"content":{"rendered":"<p><span style=\"font-size: 10pt; font-family: verdana,geneva;\"><span style=\"font-size: 10pt;\"><span style=\"font-family: verdana,geneva;\"><span style=\"font-size: 18pt; color: #5da176;\"><strong><span style=\"font-family: arial,helvetica,sans-serif;\">Plan de estudios de la carrera<\/span><\/strong><\/span><br \/>\n<\/span><\/span><\/span><\/p>\n<p><span style=\"font-size: 12pt; font-family: arial,helvetica,sans-serif; color: #6c6c6c;\">\u00a0Espacio de la Pr\u00e1ctica IV<\/span><\/p>\n<table style=\"border: 2px solid #0c171c; height: 1757px; width: 511px; background-color: #ffffff;\" border=\"2\" cellspacing=\"0\" cellpadding=\"0\" align=\"left\">\n<tbody>\n<tr style=\"background-color: #ffffff;\">\n<td style=\"background-color: #ffffff; border: 1px solid #000000;\"><span style=\"font-size: 12pt; font-family: arial,helvetica,sans-serif; color: #ff6600;\"><strong>Primer a\u00f1o\u00a0<\/strong><\/span><\/td>\n<\/tr>\n<tr style=\"background-color: #ffffff;\">\n<td style=\"background-color: #ffffff; border: 1px solid #000000;\"><span style=\"font-size: 12pt; font-family: arial,helvetica,sans-serif; color: #6c6c6c;\">Perspectiva Filos\u00f3fico-Pedag\u00f3gica I<\/span><\/td>\n<\/tr>\n<tr style=\"background-color: #ffffff;\">\n<td style=\"background-color: #ffffff; border: 1px solid #000000;\"><span style=\"font-size: 12pt; font-family: arial,helvetica,sans-serif; color: #6c6c6c;\">Perspectiva Pedag\u00f3gico-Did\u00e1ctica I<\/span><\/td>\n<\/tr>\n<tr style=\"background-color: #ffffff;\">\n<td style=\"background-color: #ffffff; border: 1px solid #000000;\"><span style=\"font-size: 12pt; font-family: arial,helvetica,sans-serif; color: #6c6c6c;\">Perspectiva Socio-pol\u00edtica<\/span><\/td>\n<\/tr>\n<tr style=\"background-color: #ffffff;\">\n<td style=\"background-color: #ffffff; border: 1px solid #000000;\"><span style=\"font-size: 12pt; font-family: arial,helvetica,sans-serif; color: #6c6c6c;\">Psicolog\u00eda y Cultura en la Educaci\u00f3n<\/span><\/td>\n<\/tr>\n<tr style=\"background-color: #ffffff;\">\n<td style=\"background-color: #ffffff; border: 1px solid #000000;\"><span style=\"font-size: 12pt; font-family: arial,helvetica,sans-serif; color: #6c6c6c;\">Perspectiva Espacio-Temporal de la Argentina y Am\u00e9rica<\/span><\/td>\n<\/tr>\n<tr style=\"background-color: #ffffff;\">\n<td style=\"background-color: #ffffff; border: 1px solid #000000;\"><span style=\"font-size: 12pt; font-family: arial,helvetica,sans-serif; color: #6c6c6c;\">Perspectiva Espacio-Temporal Mundial<\/span><\/td>\n<\/tr>\n<tr style=\"background-color: #ffffff;\">\n<td style=\"background-color: #ffffff; border: 1px solid #000000;\"><span style=\"font-size: 12pt; font-family: arial,helvetica,sans-serif; color: #6c6c6c;\">Antropolog\u00eda<\/span><\/td>\n<\/tr>\n<tr style=\"background-color: #ffffff;\">\n<td style=\"background-color: #ffffff; border: 1px solid #000000;\"><span style=\"font-size: 12pt; color: #6c6c6c; font-family: arial,helvetica,sans-serif;\">Integraci\u00f3n Areal I<\/span><\/td>\n<\/tr>\n<tr style=\"background-color: #ffffff;\">\n<td style=\"background-color: #ffffff; border: 1px solid #000000;\"><span style=\"font-size: 12pt; font-family: arial,helvetica,sans-serif; color: #6c6c6c;\">Espacio de la Pr\u00e1ctica Docente I<\/span><\/td>\n<\/tr>\n<tr style=\"background-color: #ffffff;\">\n<td style=\"background-color: #ffffff; border: 1px solid #000000;\"><span style=\"font-size: 12pt; color: #ff6600; font-family: arial,helvetica,sans-serif;\"><strong>Segundo a\u00f1o<\/strong><\/span><\/td>\n<\/tr>\n<tr style=\"background-color: #ffffff;\">\n<td style=\"background-color: #ffffff; border: 1px solid #000000;\"><span style=\"font-size: 12pt; font-family: arial,helvetica,sans-serif; color: #6c6c6c;\">Perspectiva Filos\u00f3fico-Pedag\u00f3gica II<\/span><\/td>\n<\/tr>\n<tr style=\"background-color: #ffffff;\">\n<td style=\"background-color: #ffffff; border: 1px solid #000000;\"><span style=\"color: #6c6c6c; font-family: arial,helvetica,sans-serif; font-size: 12pt;\">Perspectiva pedag\u00f3gico-Did\u00e1ctica II<\/span><\/td>\n<\/tr>\n<tr style=\"background-color: #ffffff;\">\n<td style=\"background-color: #ffffff; border: 1px solid #000000;\"><span style=\"color: #6c6c6c; font-family: arial,helvetica,sans-serif; font-size: 12pt;\">Psicolog\u00eda y Cultura del Alumno de E.G.B. 3 y Polimodal.<\/span><\/td>\n<\/tr>\n<tr style=\"background-color: #ffffff;\">\n<td style=\"background-color: #ffffff; border: 1px solid #000000;\"><span style=\"font-size: 12pt; font-family: arial,helvetica,sans-serif; color: #6c6c6c;\">Historia Americana y Argentina I.<\/span><\/td>\n<\/tr>\n<tr style=\"background-color: #ffffff;\">\n<td style=\"background-color: #ffffff; border: 1px solid #000000;\"><span style=\"font-size: 12pt; font-family: arial,helvetica,sans-serif; color: #6c6c6c;\">Historia Mundial I.<\/span><\/td>\n<\/tr>\n<tr style=\"background-color: #ffffff;\">\n<td style=\"background-color: #ffffff; border: 1px solid #000000;\"><span style=\"font-size: 12pt; font-family: arial,helvetica,sans-serif; color: #6c6c6c;\">Econom\u00eda<\/span><\/td>\n<\/tr>\n<tr style=\"background-color: #ffffff;\">\n<td style=\"background-color: #ffffff; border: 1px solid #000000;\"><span style=\"font-size: 12pt; font-family: arial,helvetica,sans-serif; color: #6c6c6c;\">Sociolog\u00eda<\/span><\/td>\n<\/tr>\n<tr style=\"background-color: #ffffff;\">\n<td style=\"background-color: #ffffff; border: 1px solid #000000;\"><span style=\"font-size: 12pt; font-family: arial,helvetica,sans-serif; color: #6c6c6c;\">Geograf\u00eda I<\/span><\/td>\n<\/tr>\n<tr style=\"background-color: #ffffff;\">\n<td style=\"background-color: #ffffff; border: 1px solid #000000;\"><span style=\"font-size: 12pt; font-family: arial,helvetica,sans-serif; color: #6c6c6c;\">Integraci\u00f3n Areal II<\/span><\/td>\n<\/tr>\n<tr style=\"background-color: #ffffff;\">\n<td style=\"background-color: #ffffff; border: 1px solid #000000;\"><span style=\"font-size: 12pt; font-family: arial,helvetica,sans-serif; color: #6c6c6c;\">Espacio de la Pr\u00e1ctica Docente II<\/span><\/td>\n<\/tr>\n<tr style=\"background-color: #ffffff;\">\n<td style=\"background-color: #ffffff; border: 1px solid #000000;\"><span style=\"font-size: 12pt; font-family: arial,helvetica,sans-serif; color: #ff6600;\"><strong>Tercer A\u00f1o<\/strong><\/span><\/td>\n<\/tr>\n<tr style=\"background-color: #ffffff;\">\n<td style=\"background-color: #ffffff; border: 1px solid #000000;\"><span style=\"font-size: 12pt; font-family: arial,helvetica,sans-serif; color: #6c6c6c;\">Perspectiva Filos\u00f3fico-Pedag\u00f3gico-Did\u00e1ctica<\/span><\/td>\n<\/tr>\n<tr style=\"background-color: #ffffff;\">\n<td style=\"background-color: #ffffff; border: 1px solid #000000;\"><span style=\"font-size: 12pt; font-family: arial,helvetica,sans-serif; color: #6c6c6c;\">Perspectiva Pol\u00edtico-Institucional<\/span><\/td>\n<\/tr>\n<tr style=\"background-color: #ffffff;\">\n<td style=\"background-color: #ffffff; border: 1px solid #000000;\"><span style=\"font-size: 12pt; font-family: arial,helvetica,sans-serif; color: #6c6c6c;\">Historia Mundial (Siglo XIX)<\/span><\/td>\n<\/tr>\n<tr style=\"background-color: #ffffff;\">\n<td style=\"background-color: #ffffff; border: 1px solid #000000;\"><span style=\"font-size: 12pt; font-family: arial,helvetica,sans-serif; color: #6c6c6c;\">Historia Americana (Siglo XIX)<\/span><\/td>\n<\/tr>\n<tr style=\"background-color: #ffffff;\">\n<td style=\"background-color: #ffffff; border: 1px solid #000000;\"><span style=\"font-size: 12pt; font-family: arial,helvetica,sans-serif; color: #6c6c6c;\">Historia argentina (Siglo XIX)<\/span><\/td>\n<\/tr>\n<tr style=\"background-color: #ffffff;\">\n<td style=\"background-color: #ffffff; border: 1px solid #000000;\"><span style=\"font-size: 12pt; font-family: arial,helvetica,sans-serif; color: #6c6c6c;\">Investigaci\u00f3n Hist\u00f3rica I\u00a0<\/span><\/td>\n<\/tr>\n<tr style=\"background-color: #ffffff;\">\n<td style=\"background-color: #ffffff; border: 1px solid #000000;\"><span style=\"font-size: 12pt; font-family: arial,helvetica,sans-serif; color: #6c6c6c;\">Geograf\u00eda II<\/span><\/td>\n<\/tr>\n<tr style=\"background-color: #ffffff;\">\n<td style=\"background-color: #ffffff; border: 1px solid #000000;\"><span style=\"font-size: 12pt; font-family: arial,helvetica,sans-serif; color: #6c6c6c;\">Problem\u00e1tica Pol\u00edtico, Jur\u00eddico y Ciudadana<\/span><\/td>\n<\/tr>\n<tr style=\"background-color: #ffffff;\">\n<td style=\"background-color: #ffffff; border: 1px solid #000000;\"><span style=\"font-size: 12pt; font-family: arial,helvetica,sans-serif; color: #6c6c6c;\">Epistemolog\u00eda e Historia de las Ciencias Sociales<\/span><\/td>\n<\/tr>\n<tr style=\"background-color: #ffffff;\">\n<td style=\"background-color: #ffffff; border: 1px solid #000000;\"><span style=\"font-size: 12pt; font-family: arial,helvetica,sans-serif; color: #6c6c6c;\">Espacio de la Pr\u00e1ctica Docente III<\/span><\/td>\n<\/tr>\n<tr style=\"background-color: #ffffff;\">\n<td style=\"background-color: #ffffff; border: 1px solid #000000;\"><span style=\"font-size: 12pt; font-family: arial,helvetica,sans-serif; color: #ff6600;\"><strong>Cuarto A\u00f1o\u00a0<\/strong><\/span><\/td>\n<\/tr>\n<tr style=\"background-color: #ffffff;\">\n<td style=\"background-color: #ffffff; border: 1px solid #000000;\"><span style=\"font-size: 12pt; font-family: arial,helvetica,sans-serif; color: #6c6c6c;\">\u00a0Historia Mundial (Siglo XX)<\/span><\/td>\n<\/tr>\n<tr style=\"background-color: #ffffff;\">\n<td style=\"background-color: #ffffff; border: 1px solid #000000;\"><span style=\"font-size: 12pt; font-family: arial,helvetica,sans-serif; color: #6c6c6c;\">\u00a0Historia Americana (Siglo XX)<\/span><\/td>\n<\/tr>\n<tr style=\"background-color: #ffffff;\">\n<td style=\"background-color: #ffffff; border: 1px solid #000000;\"><span style=\"font-size: 12pt; font-family: arial,helvetica,sans-serif; color: #6c6c6c;\">\u00a0Historia Argentina (Siglo XX)<\/span><\/td>\n<\/tr>\n<tr style=\"background-color: #ffffff;\">\n<td style=\"background-color: #ffffff; border: 1px solid #000000;\"><span style=\"font-size: 12pt; font-family: arial,helvetica,sans-serif; color: #6c6c6c;\">\u00a0Investigaci\u00f3n Hist\u00f3rica II<\/span><\/td>\n<\/tr>\n<tr style=\"background-color: #ffffff;\">\n<td style=\"background-color: #ffffff; border: 1px solid #000000;\"><span style=\"font-size: 12pt; font-family: arial,helvetica,sans-serif; color: #6c6c6c;\">\u00a0Geograf\u00eda III<\/span><\/td>\n<\/tr>\n<tr style=\"background-color: #ffffff;\">\n<td style=\"background-color: #ffffff; border: 1px solid #000000;\"><span style=\"font-size: 12pt; font-family: arial,helvetica,sans-serif; color: #6c6c6c;\">\u00a0Espacio de Definici\u00f3n Institucional\u00a0 (E.D.I.): <\/span><\/p>\n<p><span style=\"font-size: 12pt; font-family: arial,helvetica,sans-serif; color: #6c6c6c;\">\u00a0Educaci\u00f3n Sexual Integral e Inclusi\u00f3n<br \/>\n<\/span><\/td>\n<\/tr>\n<tr style=\"background-color: #ffffff;\">\n<td style=\"background-color: #ffffff; border: 1px solid #000000;\"><span style=\"font-size: 12pt; font-family: arial,helvetica,sans-serif; color: #6c6c6c;\"> Espacio de Definici\u00f3n Institucional (E.D.I.): <\/span><\/p>\n<p><span style=\"font-size: 12pt; font-family: arial,helvetica,sans-serif; color: #6c6c6c;\"> Recursos Inform\u00e1ticos para la ense\u00f1anza<br \/>\n<\/span><\/td>\n<\/tr>\n<tr style=\"background-color: #ffffff;\">\n<td style=\"background-color: #ffffff; border: 1px solid #000000;\"><span style=\"font-size: 12pt; font-family: arial,helvetica,sans-serif; color: #6c6c6c;\"> Espacio de la Pr\u00e1ctica Docente IV <\/span><\/p>\n<\/td>\n<\/tr>\n<\/tbody>\n<\/table>\n","protected":false},"excerpt":{"rendered":"<p>Plan de estudios de la carrera \u00a0Espacio de la Pr\u00e1ctica IV Primer a\u00f1o\u00a0 Perspectiva Filos\u00f3fico-Pedag\u00f3gica I Perspectiva Pedag\u00f3gico-Did\u00e1ctica I Perspectiva Socio-pol\u00edtica Psicolog\u00eda y Cultura en la Educaci\u00f3n Perspectiva Espacio-Temporal de la Argentina y Am\u00e9rica Perspectiva Espacio-Temporal Mundial Antropolog\u00eda Integraci\u00f3n Areal I Espacio de la Pr\u00e1ctica Docente I Segundo a\u00f1o Perspectiva Filos\u00f3fico-Pedag\u00f3gica II Perspectiva pedag\u00f3gico-Did\u00e1ctica II &#8230; <a title=\"Plan de estudios\" class=\"read-more\" href=\"https:\/\/uanormal1-bue.infd.edu.ar\/sitio\/plan-de-estudios-3\/\" aria-label=\"More on Plan de estudios\">[+]<\/a><\/p>\n","protected":false},"author":681,"featured_media":0,"parent":0,"menu_order":0,"comment_status":"closed","ping_status":"closed","template":"","meta":[],"acf":[],"_links":{"self":[{"href":"https:\/\/uanormal1-bue.infd.edu.ar\/sitio\/wp-json\/wp\/v2\/pages\/1077"}],"collection":[{"href":"https:\/\/uanormal1-bue.infd.edu.ar\/sitio\/wp-json\/wp\/v2\/pages"}],"about":[{"href":"https:\/\/uanormal1-bue.infd.edu.ar\/sitio\/wp-json\/wp\/v2\/types\/page"}],"author":[{"embeddable":true,"href":"https:\/\/uanormal1-bue.infd.edu.ar\/sitio\/wp-json\/wp\/v2\/users\/681"}],"replies":[{"embeddable":true,"href":"https:\/\/uanormal1-bue.infd.edu.ar\/sitio\/wp-json\/wp\/v2\/comments?post=1077"}],"version-history":[{"count":4,"href":"https:\/\/uanormal1-bue.infd.edu.ar\/sitio\/wp-json\/wp\/v2\/pages\/1077\/revisions"}],"predecessor-version":[{"id":2463,"href":"https:\/\/uanormal1-bue.infd.edu.ar\/sitio\/wp-json\/wp\/v2\/pages\/1077\/revisions\/2463"}],"wp:attachment":[{"href":"https:\/\/uanormal1-bue.infd.edu.ar\/sitio\/wp-json\/wp\/v2\/media?parent=1077"}],"curies":[{"name":"wp","href":"https:\/\/api.w.org\/{rel}","templated":true}]}}