{"id":1071,"date":"2018-07-02T18:46:47","date_gmt":"2018-07-02T21:46:47","guid":{"rendered":"https:\/\/uanormal1-bue.infd.edu.ar\/sitio\/autoridades\/"},"modified":"2025-07-08T06:04:14","modified_gmt":"2025-07-08T09:04:14","slug":"unidadacademica","status":"publish","type":"page","link":"https:\/\/uanormal1-bue.infd.edu.ar\/sitio\/unidadacademica\/","title":{"rendered":"Unidad Acad\u00e9mica Escuela Normal Superior N\u00b01"},"content":{"rendered":"\n<p class=\"has-text-align-left\"><span style=\"font-size: 18pt; font-family: arial,helvetica,sans-serif; color: #4cb2ae;\"><span style=\"color: #008000;\"><strong>&nbsp;&nbsp;&nbsp;&nbsp;&nbsp;&nbsp;&nbsp;&nbsp;&nbsp;&nbsp;&nbsp;&nbsp;&nbsp;&nbsp;&nbsp;&nbsp;&nbsp;&nbsp;&nbsp;&nbsp;&nbsp;&nbsp;&nbsp;&nbsp;&nbsp;&nbsp;&nbsp;&nbsp;&nbsp;&nbsp;&nbsp;&nbsp;&nbsp;&nbsp;&nbsp; Autoridades<\/strong><\/span><strong><br><\/strong><\/span><\/p>\n\n\n\n<div style=\"display: inline; width: 50%; float: left;\">\n<h3 style=\"padding-left: 90px; text-align: center;\"><strong><span style=\"color: #000000;\"><span style=\"font-size: 13pt; font-family: arial,helvetica,sans-serif;\">Prof. Jos\u00e9 Luis Alessandrini <\/span><br><span style=\"font-size: 11pt; font-family: arial,helvetica,sans-serif;\"><span style=\"color: #808080;\">Director Unidad Acad\u00e9mica<\/span> <\/span><\/span><\/strong><\/h3>\n\n<h3 style=\"padding-left: 90px; text-align: center;\"><strong><span style=\"color: #000000;\"><span style=\"font-size: 13pt; font-family: arial,helvetica,sans-serif;\">Prof. Rocio Oviedo <\/span><br><span style=\"font-size: 11pt; font-family: arial,helvetica,sans-serif;\"><span style=\"color: #808080;\">Secretaria Unidad Acad\u00e9mica<\/span> <\/span><\/span><\/strong><\/h3>\n<h3 style=\"padding-left: 90px; text-align: center;\"><strong><span style=\"color: #000000;\"><span style=\"font-size: 13pt; font-family: arial,helvetica,sans-serif;\">Prof. Mariana Cuesta <\/span><br><span style=\"font-size: 11pt; font-family: arial,helvetica,sans-serif;\"><span style=\"color: #808080;\">Coordinadora de Articulaci\u00f3n Curricular Institucional<\/span> <\/span><\/span><\/strong><\/h3>\n<br><br><br><br>\n<p><b>Contacto:<\/b> normal1laplata@abc.gob.ar <\/p>\n<\/div>\n\n\n\n<div style=\"display: inline; width: 45%; float: right;\">\n<figure><img decoding=\"async\" loading=\"lazy\" class=\"alignright\" style=\"float: left;\" src=\"https:\/\/uanormal1-bue.infd.edu.ar\/sitio\/wp-content\/uploads\/2018\/07\/mary_ou.jpg\" alt=\"\" width=\"273\" height=\"343\" border=\"0\"><\/figure><p style=\"text-align: left;\"><\/p>\n<\/div>\n\n\n\n<p><\/p>\n","protected":false},"excerpt":{"rendered":"<p>&nbsp;&nbsp;&nbsp;&nbsp;&nbsp;&nbsp;&nbsp;&nbsp;&nbsp;&nbsp;&nbsp;&nbsp;&nbsp;&nbsp;&nbsp;&nbsp;&nbsp;&nbsp;&nbsp;&nbsp;&nbsp;&nbsp;&nbsp;&nbsp;&nbsp;&nbsp;&nbsp;&nbsp;&nbsp;&nbsp;&nbsp;&nbsp;&nbsp;&nbsp;&nbsp; Autoridades Prof. Jos\u00e9 Luis Alessandrini Director Unidad Acad\u00e9mica Prof. Rocio Oviedo Secretaria Unidad Acad\u00e9mica Prof. Mariana Cuesta Coordinadora de Articulaci\u00f3n Curricular Institucional Contacto: normal1laplata@abc.gob.ar<\/p>\n","protected":false},"author":681,"featured_media":0,"parent":0,"menu_order":0,"comment_status":"closed","ping_status":"closed","template":"","meta":[],"acf":[],"_links":{"self":[{"href":"https:\/\/uanormal1-bue.infd.edu.ar\/sitio\/wp-json\/wp\/v2\/pages\/1071"}],"collection":[{"href":"https:\/\/uanormal1-bue.infd.edu.ar\/sitio\/wp-json\/wp\/v2\/pages"}],"about":[{"href":"https:\/\/uanormal1-bue.infd.edu.ar\/sitio\/wp-json\/wp\/v2\/types\/page"}],"author":[{"embeddable":true,"href":"https:\/\/uanormal1-bue.infd.edu.ar\/sitio\/wp-json\/wp\/v2\/users\/681"}],"replies":[{"embeddable":true,"href":"https:\/\/uanormal1-bue.infd.edu.ar\/sitio\/wp-json\/wp\/v2\/comments?post=1071"}],"version-history":[{"count":43,"href":"https:\/\/uanormal1-bue.infd.edu.ar\/sitio\/wp-json\/wp\/v2\/pages\/1071\/revisions"}],"predecessor-version":[{"id":5953,"href":"https:\/\/uanormal1-bue.infd.edu.ar\/sitio\/wp-json\/wp\/v2\/pages\/1071\/revisions\/5953"}],"wp:attachment":[{"href":"https:\/\/uanormal1-bue.infd.edu.ar\/sitio\/wp-json\/wp\/v2\/media?parent=1071"}],"curies":[{"name":"wp","href":"https:\/\/api.w.org\/{rel}","templated":true}]}}