{"id":1060,"date":"2018-07-02T18:46:42","date_gmt":"2018-07-02T21:46:42","guid":{"rendered":"https:\/\/uanormal1-bue.infd.edu.ar\/sitio\/nivel-secundario\/"},"modified":"2025-03-17T11:53:09","modified_gmt":"2025-03-17T14:53:09","slug":"nivel-secundario","status":"publish","type":"page","link":"https:\/\/uanormal1-bue.infd.edu.ar\/sitio\/nivel-secundario\/","title":{"rendered":"NIVEL SECUNDARIO"},"content":{"rendered":"<p><strong><span style=\"font-size: 18pt; font-family: arial,helvetica,sans-serif; color: #51ae9b;\">Escuela de Educaci\u00f3n Secundaria N\u00b0 32<\/span><\/strong><\/p>\n<p><span style=\"color: #000000; font-family: arial,helvetica,sans-serif; font-size: 12pt;\"><strong>Informes:<\/strong>\u00a0Secretar\u00eda de la Escuela Secundaria (planta baja)<\/span><\/p>\n<p><span style=\"color: #000000; font-family: arial,helvetica,sans-serif; font-size: 12pt;\"><strong>Horarios de atenci\u00f3n Equipo Directivo:<\/strong> <\/span><\/p>\n<p><span style=\"color: #000000; font-family: arial,helvetica,sans-serif; font-size: 12pt;\"><strong>Director:<\/strong>\u00a0Prof. Rub\u00e9n Izquierdo <\/span><\/p>\n<p><span style=\"color: #000000; font-family: arial,helvetica,sans-serif; font-size: 12pt;\">Lunes de 14:00 a 15.00hs. &#8211; Viernes 10.00 a 11.00 hs.<br \/>\n<\/span><\/p>\n<p><span style=\"color: #000000; font-family: arial,helvetica,sans-serif; font-size: 12pt;\"><strong>Vicedirectora:<\/strong>\u00a0Prof.<span style=\"font-size: 12pt; font-family: arial,helvetica,sans-serif;\">\u00a0Cecilia Cris\u00f3logo<\/span><\/span><\/p>\n<p><span style=\"color: #000000; font-family: arial,helvetica,sans-serif; font-size: 12pt;\"><span style=\"font-size: 12pt; font-family: arial,helvetica,sans-serif;\">Mi\u00e9rcoles de 10:00 a 11.00hs. &#8211; Viernes 14.00 a 15.00 hs.\u00a0\u00a0<\/span><\/span><\/p>\n<p><span style=\"color: #000000; font-family: arial,helvetica,sans-serif; font-size: 12pt;\"><strong>Vicedirectora:<\/strong>\u00a0Prof<span style=\"font-size: 12pt; font-family: arial,helvetica,sans-serif;\">. D\u00e9borah\u00a0 Perez\u00a0<\/span><\/span><\/p>\n<p><span style=\"color: #000000; font-family: arial,helvetica,sans-serif; font-size: 12pt;\"><span style=\"font-size: 12pt; font-family: arial,helvetica,sans-serif;\">Lunes de 10:00 a 11.00hs. &#8211; Jueves 14.00 a 15.00 hs.\u00a0\u00a0<\/span><\/span><\/p>\n<p><span style=\"color: #000000; font-family: arial,helvetica,sans-serif; font-size: 12pt;\"><span style=\"color: #000000; font-family: arial,helvetica,sans-serif; font-size: 12pt;\"><strong>Horarios de atenci\u00f3n Secretar\u00eda:<\/strong> de 8.00 a 10:00 hs y de 13.30 a 15.30 hs<\/span><\/span><\/p>\n<p><span style=\"color: #000000; font-family: arial,helvetica,sans-serif; font-size: 12pt;\"><strong>Tel\u00e9fonos:<\/strong> Tel. 0221 421-0772<br \/>\n<\/span><\/p>\n<p style=\"text-align: justify;\"><span style=\"color: #000000; font-family: arial,helvetica,sans-serif; font-size: 12pt;\"><strong>Direcci\u00f3n:<\/strong> Av. 51 N\u00b0 975 entre 14 y 15 &#8211; CP 1900.<\/span><\/p>\n<p style=\"text-align: justify;\"><span style=\"color: #000000; font-family: arial,helvetica,sans-serif; font-size: 12pt;\">\u00a0<\/span><\/p>\n<p style=\"text-align: justify;\"><span style=\"font-size: 12pt; color: #000000; font-family: arial,helvetica,sans-serif;\">La Escuela Secundaria es un derecho de todos y todas. Cuenta con seis a\u00f1os de duraci\u00f3n, divididos en dos ciclos de tres a\u00f1os cada uno: <em><strong>Ciclo B\u00e1sico<\/strong><\/em> (com\u00fan a todas las escuelas),<strong> Ciclo Superior<\/strong> (Orientado).<\/span><\/p>\n<p style=\"text-align: justify;\"><span style=\"font-size: 12pt; color: #000000; font-family: arial,helvetica,sans-serif;\">Nuestra escuela cuenta con las siguientes Orientaciones: <em><strong>Ciencias Sociales, Ciencias Naturales, Econom\u00eda y administraci\u00f3n, Arte especialidad Literatura y Comunicaci\u00f3n.<\/strong><\/em><\/span><\/p>\n<p><span style=\"font-size: 12pt; font-family: arial,helvetica,sans-serif; color: #58a69f;\"><strong><span style=\"font-size: 18pt;\">Autoridades:<\/span> <\/strong><\/span><\/p>\n<p><span style=\"font-size: 12pt; font-family: arial,helvetica,sans-serif; color: #000000;\"><strong>Director:<\/strong> Prof. Rub\u00e9n Izquierdo<br \/>\n<\/span><\/p>\n<p><span style=\"font-size: 12pt; font-family: arial,helvetica,sans-serif; color: #000000;\"><strong>Vicedirectora:<\/strong> <span style=\"font-size: 12pt; font-family: arial,helvetica,sans-serif;\">Prof. D\u00e9borah Perez<\/span><br \/>\n<\/span><\/p>\n<p><span style=\"font-size: 12pt; font-family: arial,helvetica,sans-serif; color: #000000;\"><strong>Vicedirectora:<\/strong> <span style=\"font-size: 12pt; font-family: arial,helvetica,sans-serif;\">Lic. Cecilia Cris\u00f3logo<\/span><br \/>\n<\/span><\/p>\n<p><span style=\"font-size: 12pt; font-family: arial,helvetica,sans-serif; color: #000000;\"><strong>Secretaria:<\/strong> Prof. Claudia Tagliavini<br \/>\n<\/span><\/p>\n<p><span style=\"font-size: 12pt; font-family: arial,helvetica,sans-serif; color: #000000;\"><strong>Secretaria<\/strong><\/span>: Prof. Carina Zubillaga<\/p>\n<p><span style=\"font-size: 12pt; font-family: arial,helvetica,sans-serif; color: #000000;\"><strong>Prosecretaria:<\/strong> Prof. Natalia Pastorino<\/span><\/p>\n<p><span style=\"font-size: 12pt; font-family: arial,helvetica,sans-serif; color: #000000;\"><strong>Jefa de Preceptores:<\/strong> Prof. Anal\u00eda Noce &#8211; Sup. Prof. Romina Fabiano.<\/span><\/p>\n<p><span style=\"font-size: 12pt; font-family: arial,helvetica,sans-serif; color: #000000;\"><strong>Sub Jefa de Preceptores:\u00a0<\/strong>Prof. Cristina Perez.<\/span><\/p>\n","protected":false},"excerpt":{"rendered":"<p>Escuela de Educaci\u00f3n Secundaria N\u00b0 32 Informes:\u00a0Secretar\u00eda de la Escuela Secundaria (planta baja) Horarios de atenci\u00f3n Equipo Directivo: Director:\u00a0Prof. Rub\u00e9n Izquierdo Lunes de 14:00 a 15.00hs. &#8211; Viernes 10.00 a 11.00 hs. Vicedirectora:\u00a0Prof.\u00a0Cecilia Cris\u00f3logo Mi\u00e9rcoles de 10:00 a 11.00hs. &#8211; Viernes 14.00 a 15.00 hs.\u00a0\u00a0 Vicedirectora:\u00a0Prof. D\u00e9borah\u00a0 Perez\u00a0 Lunes de 10:00 a 11.00hs. &#8211; Jueves &#8230; <a title=\"NIVEL SECUNDARIO\" class=\"read-more\" href=\"https:\/\/uanormal1-bue.infd.edu.ar\/sitio\/nivel-secundario\/\" aria-label=\"More on NIVEL SECUNDARIO\">[+]<\/a><\/p>\n","protected":false},"author":681,"featured_media":0,"parent":0,"menu_order":0,"comment_status":"closed","ping_status":"closed","template":"","meta":[],"acf":[],"_links":{"self":[{"href":"https:\/\/uanormal1-bue.infd.edu.ar\/sitio\/wp-json\/wp\/v2\/pages\/1060"}],"collection":[{"href":"https:\/\/uanormal1-bue.infd.edu.ar\/sitio\/wp-json\/wp\/v2\/pages"}],"about":[{"href":"https:\/\/uanormal1-bue.infd.edu.ar\/sitio\/wp-json\/wp\/v2\/types\/page"}],"author":[{"embeddable":true,"href":"https:\/\/uanormal1-bue.infd.edu.ar\/sitio\/wp-json\/wp\/v2\/users\/681"}],"replies":[{"embeddable":true,"href":"https:\/\/uanormal1-bue.infd.edu.ar\/sitio\/wp-json\/wp\/v2\/comments?post=1060"}],"version-history":[{"count":6,"href":"https:\/\/uanormal1-bue.infd.edu.ar\/sitio\/wp-json\/wp\/v2\/pages\/1060\/revisions"}],"predecessor-version":[{"id":5834,"href":"https:\/\/uanormal1-bue.infd.edu.ar\/sitio\/wp-json\/wp\/v2\/pages\/1060\/revisions\/5834"}],"wp:attachment":[{"href":"https:\/\/uanormal1-bue.infd.edu.ar\/sitio\/wp-json\/wp\/v2\/media?parent=1060"}],"curies":[{"name":"wp","href":"https:\/\/api.w.org\/{rel}","templated":true}]}}