{"id":1056,"date":"2018-07-02T18:46:41","date_gmt":"2018-07-02T21:46:41","guid":{"rendered":"https:\/\/uanormal1-bue.infd.edu.ar\/sitio\/nivel-primario\/"},"modified":"2025-12-09T22:26:38","modified_gmt":"2025-12-10T01:26:38","slug":"nivel-primario","status":"publish","type":"page","link":"https:\/\/uanormal1-bue.infd.edu.ar\/sitio\/nivel-primario\/","title":{"rendered":"NIVEL PRIMARIO"},"content":{"rendered":"<p><strong><span style=\"font-size: 18pt; font-family: arial,helvetica,sans-serif; color: #54ab99;\">Escuela Primaria N\u00b0 127<\/span><\/strong><\/p>\n<p><span style=\"font-family: arial,helvetica,sans-serif; font-size: 12pt; color: #000000;\"><strong>Informes:<\/strong>\u00a0Secretar\u00eda de la Escuela Primaria (planta baja)<\/span><\/p>\n<p><span style=\"font-family: arial,helvetica,sans-serif; font-size: 12pt; color: #000000;\"><strong>Horarios de atenci\u00f3n:<\/strong> 13:30 a 15.30 hs.<\/span><\/p>\n<p><span style=\"font-family: arial,helvetica,sans-serif; font-size: 12pt; color: #000000;\"><strong>Tel\u00e9fono:\u00a0<\/strong>2213995941 (solo mensaje de texto)<br \/><\/span><\/p>\n<p><span style=\"font-family: arial,helvetica,sans-serif; font-size: 12pt; color: #000000;\"><strong>Direcci\u00f3n:<\/strong> Av. 51 N\u00b0 975 entre 14 y 15 &#8211; CP 1900<\/span><\/p>\n<p><strong>Correo electr\u00f3nico<\/strong>: primaria127laplata@abc.gob.ar<\/p>\n<p><span style=\"font-size: 18pt; font-family: arial,helvetica,sans-serif; color: #55aa90;\"><strong>Autoridades:<\/strong><\/span><\/p>\n<p><span style=\"font-size: 12pt; font-family: arial,helvetica,sans-serif; color: #000000;\"><strong>Directora:<\/strong> Prof. Silvia Avelenda<\/span><\/p>\n<p><span style=\"font-size: 12pt; font-family: arial,helvetica,sans-serif; color: #000000;\"><strong>Vicedirectora:<\/strong> Prof. Vanesa M\u00e9<\/span><span style=\"font-size: 12pt; font-family: arial,helvetica,sans-serif; color: #000000;\">ndez<\/span><\/p>\n<p><span style=\"font-size: 12pt; font-family: arial,helvetica,sans-serif; color: #000000;\"><strong>Vicedirectora:<\/strong> Prof. Nadia Diaz<\/span><\/p>\n<p><span style=\"font-size: 12pt; font-family: arial,helvetica,sans-serif; color: #000000;\"><strong>Secretaria:<\/strong> Prof. Anabella Pelizza<\/span><\/p>\n<p><span style=\"font-size: 12pt; font-family: arial,helvetica,sans-serif; color: #000000;\"><strong>Prosecretaria:<\/strong> Prof. Francisca Valenzuela<\/span><\/p>\n\n\n<p><\/p>\n","protected":false},"excerpt":{"rendered":"<p>Escuela Primaria N\u00b0 127 Informes:\u00a0Secretar\u00eda de la Escuela Primaria (planta baja) Horarios de atenci\u00f3n: 13:30 a 15.30 hs. Tel\u00e9fono:\u00a02213995941 (solo mensaje de texto) Direcci\u00f3n: Av. 51 N\u00b0 975 entre 14 y 15 &#8211; CP 1900 Correo electr\u00f3nico: primaria127laplata@abc.gob.ar Autoridades: Directora: Prof. Silvia Avelenda Vicedirectora: Prof. Vanesa M\u00e9ndez Vicedirectora: Prof. Nadia Diaz Secretaria: Prof. Anabella Pelizza &#8230; <a title=\"NIVEL PRIMARIO\" class=\"read-more\" href=\"https:\/\/uanormal1-bue.infd.edu.ar\/sitio\/nivel-primario\/\" aria-label=\"More on NIVEL PRIMARIO\">[+]<\/a><\/p>\n","protected":false},"author":681,"featured_media":0,"parent":0,"menu_order":0,"comment_status":"closed","ping_status":"closed","template":"","meta":[],"acf":[],"_links":{"self":[{"href":"https:\/\/uanormal1-bue.infd.edu.ar\/sitio\/wp-json\/wp\/v2\/pages\/1056"}],"collection":[{"href":"https:\/\/uanormal1-bue.infd.edu.ar\/sitio\/wp-json\/wp\/v2\/pages"}],"about":[{"href":"https:\/\/uanormal1-bue.infd.edu.ar\/sitio\/wp-json\/wp\/v2\/types\/page"}],"author":[{"embeddable":true,"href":"https:\/\/uanormal1-bue.infd.edu.ar\/sitio\/wp-json\/wp\/v2\/users\/681"}],"replies":[{"embeddable":true,"href":"https:\/\/uanormal1-bue.infd.edu.ar\/sitio\/wp-json\/wp\/v2\/comments?post=1056"}],"version-history":[{"count":14,"href":"https:\/\/uanormal1-bue.infd.edu.ar\/sitio\/wp-json\/wp\/v2\/pages\/1056\/revisions"}],"predecessor-version":[{"id":6175,"href":"https:\/\/uanormal1-bue.infd.edu.ar\/sitio\/wp-json\/wp\/v2\/pages\/1056\/revisions\/6175"}],"wp:attachment":[{"href":"https:\/\/uanormal1-bue.infd.edu.ar\/sitio\/wp-json\/wp\/v2\/media?parent=1056"}],"curies":[{"name":"wp","href":"https:\/\/api.w.org\/{rel}","templated":true}]}}