{"id":1047,"date":"2018-07-02T18:46:36","date_gmt":"2018-07-02T21:46:36","guid":{"rendered":"https:\/\/uanormal1-bue.infd.edu.ar\/sitio\/profesorado-de-fisica\/"},"modified":"2024-10-28T15:49:33","modified_gmt":"2024-10-28T18:49:33","slug":"profesorado-de-fisica","status":"publish","type":"page","link":"https:\/\/uanormal1-bue.infd.edu.ar\/sitio\/profesorado-de-fisica\/","title":{"rendered":"Profesorado de F\u00edsica"},"content":{"rendered":"\n<figure class=\"wp-block-image\"><img decoding=\"async\" src=\"https:\/\/uanormal1-bue.infd.edu.ar\/sitio\/wp-content\/uploads\/2018\/07\/fisicaa.jpg\" alt=\"\"\/><\/figure>\n\n\n\n<p class=\"has-text-align-center\"><span style=\"font-size: 12pt;\"><strong><span style=\"text-decoration: underline;\"><\/span><\/strong><\/span><\/p>\n\n\n\n<p class=\"has-text-align-center\"><span style=\"font-size: 18pt; font-family: arial,helvetica,sans-serif; color: #52acab;\"><strong>Profesorado de F\u00edsica<\/strong><\/span><\/p>\n\n\n\n<p class=\"has-text-align-center\"><span style=\"font-size: 18pt; font-family: arial,helvetica,sans-serif; color: #52acab;\"><strong>Resoluci\u00f3n 3607\/22<br><\/strong><\/span><\/p>\n\n\n\n<p class=\"has-text-align-center\"><span style=\"font-family: arial,helvetica,sans-serif; font-size: 12pt; color: #000000;\"><strong>&nbsp;&nbsp;<\/strong><strong>Duraci\u00f3n:<\/strong> 4 a\u00f1os<\/span><\/p>\n\n\n\n<p class=\"has-text-align-center\"><span style=\"font-size: 12pt; font-family: arial,helvetica,sans-serif; color: #000000;\"><strong>Turno vespertino:<\/strong> 17.30 a 22:30 hs<\/span><\/p>\n\n\n\n<p class=\"has-text-align-center\"><span style=\"font-size: 12pt; font-family: arial,helvetica,sans-serif; color: #000000;\"><a href=\"https:\/\/abc.gob.ar\/secretarias\/sites\/default\/files\/2024-03\/F%C3%ADsica.pdf\"><strong>Acceso a Dise\u00f1o Curricular<\/strong> <\/a><\/span><\/p>\n","protected":false},"excerpt":{"rendered":"<p>Profesorado de F\u00edsica Resoluci\u00f3n 3607\/22 &nbsp;&nbsp;Duraci\u00f3n: 4 a\u00f1os Turno vespertino: 17.30 a 22:30 hs Acceso a Dise\u00f1o Curricular<\/p>\n","protected":false},"author":681,"featured_media":0,"parent":0,"menu_order":0,"comment_status":"closed","ping_status":"closed","template":"","meta":[],"acf":[],"_links":{"self":[{"href":"https:\/\/uanormal1-bue.infd.edu.ar\/sitio\/wp-json\/wp\/v2\/pages\/1047"}],"collection":[{"href":"https:\/\/uanormal1-bue.infd.edu.ar\/sitio\/wp-json\/wp\/v2\/pages"}],"about":[{"href":"https:\/\/uanormal1-bue.infd.edu.ar\/sitio\/wp-json\/wp\/v2\/types\/page"}],"author":[{"embeddable":true,"href":"https:\/\/uanormal1-bue.infd.edu.ar\/sitio\/wp-json\/wp\/v2\/users\/681"}],"replies":[{"embeddable":true,"href":"https:\/\/uanormal1-bue.infd.edu.ar\/sitio\/wp-json\/wp\/v2\/comments?post=1047"}],"version-history":[{"count":2,"href":"https:\/\/uanormal1-bue.infd.edu.ar\/sitio\/wp-json\/wp\/v2\/pages\/1047\/revisions"}],"predecessor-version":[{"id":5526,"href":"https:\/\/uanormal1-bue.infd.edu.ar\/sitio\/wp-json\/wp\/v2\/pages\/1047\/revisions\/5526"}],"wp:attachment":[{"href":"https:\/\/uanormal1-bue.infd.edu.ar\/sitio\/wp-json\/wp\/v2\/media?parent=1047"}],"curies":[{"name":"wp","href":"https:\/\/api.w.org\/{rel}","templated":true}]}}