{"id":1032,"date":"2018-07-10T12:43:49","date_gmt":"2018-07-10T15:43:49","guid":{"rendered":"https:\/\/uanormal1-bue.infd.edu.ar\/sitio\/?page_id=1032"},"modified":"2020-11-05T12:13:57","modified_gmt":"2020-11-05T15:13:57","slug":"investigacion","status":"publish","type":"page","link":"https:\/\/uanormal1-bue.infd.edu.ar\/sitio\/investigacion\/","title":{"rendered":"Investigaci\u00f3n"},"content":{"rendered":"<p>La profesora Pamela Vestfrid, (Profesorado de Educaci\u00f3n Primaria \/ PACI) ha participado en la edici\u00f3n de una obra acerca de las Narrativas Pedag\u00f3gicas. Nuestras Felicitaciones! Noviembre 2020<\/p>\n<p>Clickeando la imagen se accede al documento.<\/p>\n<p><a href=\"https:\/\/uanormal1-bue.infd.edu.ar\/sitio\/wp-content\/uploads\/2020\/11\/La-palabra-despierta-Felli-Vestfrid.pdf\"><img decoding=\"async\" loading=\"lazy\" class=\"alignnone size-full wp-image-2328\" src=\"https:\/\/uanormal1-bue.infd.edu.ar\/sitio\/wp-content\/uploads\/2020\/11\/palabra-despierta.jpg\" alt=\"\" width=\"403\" height=\"567\" \/><\/a><\/p>\n<p>&nbsp;<\/p>\n<p>&nbsp;<\/p>\n<p>La profesora Pamela Vestfrid, docente en el Profesorado de Educaci\u00f3n Primaria y agente t\u00e9cnico del Proyecto de Articulaci\u00f3n Curricular de la Unidad Acad\u00e9mica (PACI) ha participado en la edici\u00f3n de una obra acerca de las TIC.<\/p>\n<p>Nuestras Felicitaciones!<\/p>\n<p>Octubre 2020 &#8211; Clickeando la imagen se accede al documento.<\/p>\n<p><a href=\"https:\/\/uanormal1-bue.infd.edu.ar\/sitio\/wp-content\/uploads\/2020\/10\/TIC-III.pdf\" target=\"_blank\" rel=\"noopener\"><img decoding=\"async\" loading=\"lazy\" class=\"alignnone size-full wp-image-2284\" src=\"https:\/\/uanormal1-bue.infd.edu.ar\/sitio\/wp-content\/uploads\/2020\/10\/TIC-III.png\" alt=\"\" width=\"401\" height=\"563\" \/><\/a><\/p>\n<p>&#8230;.<\/p>\n<p>Se ha publicado recientemente (noviembre de 2019) una investigaci\u00f3n del INFOD acerca del Campo de las Pr\u00e1cticas en la Formaci\u00f3n Docente Inicial. En ella han participado cinco profesores de nuestro Instituto:<\/p>\n<p>Susana Olivera (Profesorado de Qu\u00edmica)<\/p>\n<p>Ana Telleriarte (Profesorado de Educaci\u00f3n Primaria)<\/p>\n<p>M\u00f3nica Jousset (Profesorado de Historia)<\/p>\n<p>Roberto Moreno (Profesorado de Qu\u00edmica)<\/p>\n<p>Diego Palazzesi (Profesorado de F\u00edsica)<\/p>\n<p>Nuestro reconocimiento a todos ellos!<\/p>\n<p><a href=\"https:\/\/drive.google.com\/file\/d\/1U3qXZ3q-lCklDjbVVXcVqN2ocMlUT2Ri\/view?usp=sharing\"><img decoding=\"async\" loading=\"lazy\" class=\"alignnone size-full wp-image-1746\" src=\"https:\/\/uanormal1-bue.infd.edu.ar\/sitio\/wp-content\/uploads\/2019\/12\/investigacion.png\" alt=\"\" width=\"560\" height=\"634\" \/><\/a><\/p>\n<p>&nbsp;<\/p>\n","protected":false},"excerpt":{"rendered":"<p>La profesora Pamela Vestfrid, (Profesorado de Educaci\u00f3n Primaria \/ PACI) ha participado en la edici\u00f3n de una obra acerca de las Narrativas Pedag\u00f3gicas. Nuestras Felicitaciones! Noviembre 2020 Clickeando la imagen se accede al documento. &nbsp; &nbsp; La profesora Pamela Vestfrid, docente en el Profesorado de Educaci\u00f3n Primaria y agente t\u00e9cnico del Proyecto de Articulaci\u00f3n Curricular &#8230; <a title=\"Investigaci\u00f3n\" class=\"read-more\" href=\"https:\/\/uanormal1-bue.infd.edu.ar\/sitio\/investigacion\/\" aria-label=\"More on Investigaci\u00f3n\">[+]<\/a><\/p>\n","protected":false},"author":681,"featured_media":0,"parent":0,"menu_order":0,"comment_status":"closed","ping_status":"closed","template":"","meta":[],"acf":[],"_links":{"self":[{"href":"https:\/\/uanormal1-bue.infd.edu.ar\/sitio\/wp-json\/wp\/v2\/pages\/1032"}],"collection":[{"href":"https:\/\/uanormal1-bue.infd.edu.ar\/sitio\/wp-json\/wp\/v2\/pages"}],"about":[{"href":"https:\/\/uanormal1-bue.infd.edu.ar\/sitio\/wp-json\/wp\/v2\/types\/page"}],"author":[{"embeddable":true,"href":"https:\/\/uanormal1-bue.infd.edu.ar\/sitio\/wp-json\/wp\/v2\/users\/681"}],"replies":[{"embeddable":true,"href":"https:\/\/uanormal1-bue.infd.edu.ar\/sitio\/wp-json\/wp\/v2\/comments?post=1032"}],"version-history":[{"count":9,"href":"https:\/\/uanormal1-bue.infd.edu.ar\/sitio\/wp-json\/wp\/v2\/pages\/1032\/revisions"}],"predecessor-version":[{"id":2330,"href":"https:\/\/uanormal1-bue.infd.edu.ar\/sitio\/wp-json\/wp\/v2\/pages\/1032\/revisions\/2330"}],"wp:attachment":[{"href":"https:\/\/uanormal1-bue.infd.edu.ar\/sitio\/wp-json\/wp\/v2\/media?parent=1032"}],"curies":[{"name":"wp","href":"https:\/\/api.w.org\/{rel}","templated":true}]}}