{"id":1029,"date":"2018-07-02T18:46:27","date_gmt":"2018-07-02T21:46:27","guid":{"rendered":"https:\/\/uanormal1-bue.infd.edu.ar\/sitio\/profesorado-de-quimica\/"},"modified":"2024-10-28T15:49:21","modified_gmt":"2024-10-28T18:49:21","slug":"profesorado-de-quimica","status":"publish","type":"page","link":"https:\/\/uanormal1-bue.infd.edu.ar\/sitio\/profesorado-de-quimica\/","title":{"rendered":"Profesorado de Qu\u00edmica"},"content":{"rendered":"\n<figure class=\"wp-block-image\"><img decoding=\"async\" src=\"https:\/\/uanormal1-bue.infd.edu.ar\/sitio\/wp-content\/uploads\/2018\/07\/quim.jpg\" alt=\"\"\/><\/figure>\n\n\n\n<p class=\"has-text-align-center\"><\/p>\n\n\n\n<p class=\"has-text-align-center\"><span style=\"font-size: 18pt; font-family: arial,helvetica,sans-serif; color: #57a89e;\"><strong>Profesorado de <\/strong><strong>Qu\u00edmica<\/strong><\/span><\/p>\n\n\n\n<p class=\"has-text-align-center\"><span style=\"font-size: 18pt; font-family: arial,helvetica,sans-serif; color: #57a89e;\"><strong>Resoluci\u00f3n 3610\/22<br><\/strong><\/span><\/p>\n\n\n\n<p class=\"has-text-align-center\"><span style=\"color: #000000; font-family: arial,helvetica,sans-serif; font-size: 12pt;\"><strong>Duraci\u00f3n:<\/strong> 4 a\u00f1os<\/span><\/p>\n\n\n\n<p class=\"has-text-align-center\"><span style=\"color: #000000; font-family: arial,helvetica,sans-serif; font-size: 12pt;\"><strong>Turno vespertino:<\/strong> 17.30 a 22:30 hs<\/span><\/p>\n\n\n\n<p class=\"has-text-align-center\"><strong><a href=\"https:\/\/abc.gob.ar\/secretarias\/sites\/default\/files\/2024-03\/Qu%C3%ADmica_0.pdf\">Acceso a Dise\u00f1o Curricular<\/a><\/strong><\/p>\n\n\n\n<p class=\"has-text-align-center\"><\/p>\n\n\n\n<p><\/p>\n","protected":false},"excerpt":{"rendered":"<p>Profesorado de Qu\u00edmica Resoluci\u00f3n 3610\/22 Duraci\u00f3n: 4 a\u00f1os Turno vespertino: 17.30 a 22:30 hs Acceso a Dise\u00f1o Curricular<\/p>\n","protected":false},"author":681,"featured_media":0,"parent":0,"menu_order":0,"comment_status":"closed","ping_status":"closed","template":"","meta":[],"acf":[],"_links":{"self":[{"href":"https:\/\/uanormal1-bue.infd.edu.ar\/sitio\/wp-json\/wp\/v2\/pages\/1029"}],"collection":[{"href":"https:\/\/uanormal1-bue.infd.edu.ar\/sitio\/wp-json\/wp\/v2\/pages"}],"about":[{"href":"https:\/\/uanormal1-bue.infd.edu.ar\/sitio\/wp-json\/wp\/v2\/types\/page"}],"author":[{"embeddable":true,"href":"https:\/\/uanormal1-bue.infd.edu.ar\/sitio\/wp-json\/wp\/v2\/users\/681"}],"replies":[{"embeddable":true,"href":"https:\/\/uanormal1-bue.infd.edu.ar\/sitio\/wp-json\/wp\/v2\/comments?post=1029"}],"version-history":[{"count":1,"href":"https:\/\/uanormal1-bue.infd.edu.ar\/sitio\/wp-json\/wp\/v2\/pages\/1029\/revisions"}],"predecessor-version":[{"id":5523,"href":"https:\/\/uanormal1-bue.infd.edu.ar\/sitio\/wp-json\/wp\/v2\/pages\/1029\/revisions\/5523"}],"wp:attachment":[{"href":"https:\/\/uanormal1-bue.infd.edu.ar\/sitio\/wp-json\/wp\/v2\/media?parent=1029"}],"curies":[{"name":"wp","href":"https:\/\/api.w.org\/{rel}","templated":true}]}}