{"id":1027,"date":"2018-07-02T18:46:26","date_gmt":"2018-07-02T21:46:26","guid":{"rendered":"https:\/\/uanormal1-bue.infd.edu.ar\/sitio\/profesorado-de-biologia\/"},"modified":"2024-10-28T15:49:27","modified_gmt":"2024-10-28T18:49:27","slug":"profesorado-de-biologia","status":"publish","type":"page","link":"https:\/\/uanormal1-bue.infd.edu.ar\/sitio\/profesorado-de-biologia\/","title":{"rendered":"Profesorado de Biolog\u00eda"},"content":{"rendered":"\n<figure class=\"wp-block-image\"><img decoding=\"async\" src=\"https:\/\/uanormal1-bue.infd.edu.ar\/sitio\/wp-content\/uploads\/2018\/07\/biol.jpg\" alt=\"\"\/><\/figure>\n\n\n\n<p class=\"has-text-align-center\"><span style=\"text-decoration: underline;\"><span style=\"font-size: 10pt;\"><span style=\"font-family: verdana,geneva;\"><strong><\/strong><\/span><\/span><\/span><\/p>\n\n\n\n<p class=\"has-text-align-center\"><span style=\"text-decoration: underline;\"><span style=\"font-size: 10pt;\"><span style=\"font-family: verdana,geneva;\">&nbsp;<\/span><\/span><\/span><\/p>\n\n\n\n<p class=\"has-text-align-center\"><strong><span style=\"font-family: arial,helvetica,sans-serif; font-size: 18pt;\">&nbsp;<span style=\"color: #5aa588;\">Profesorado de Biolog\u00eda <\/span><\/span><\/strong><\/p>\n\n\n\n<p class=\"has-text-align-center\"><span style=\"color: #5aa588;\"><strong><span style=\"font-family: arial,helvetica,sans-serif; font-size: 18pt;\">Resoluci\u00f3n 3605\/22<\/span><\/strong><\/span><\/p>\n\n\n\n<p class=\"has-text-align-center\"><span style=\"font-size: 12pt; color: #000000; font-family: arial,helvetica,sans-serif;\"><strong>Duraci\u00f3n:<\/strong> 4 a\u00f1os<\/span><\/p>\n\n\n\n<p class=\"has-text-align-center\"><span style=\"font-size: 12pt; color: #000000; font-family: arial,helvetica,sans-serif;\"><strong>Turno vespertino:<\/strong> 17.30 a 22:30 hs<br><\/span><\/p>\n\n\n\n<p class=\"has-text-align-center has-contrast-color has-text-color\"><strong><a href=\"https:\/\/abc.gob.ar\/secretarias\/sites\/default\/files\/2024-03\/Biolog%C3%ADa.pdf\">Acceso a <\/a><\/strong><span style=\"font-size: 12pt; color: #000000; font-family: arial,helvetica,sans-serif;\"><a href=\"https:\/\/abc.gob.ar\/secretarias\/sites\/default\/files\/2024-03\/Biolog%C3%ADa.pdf\"><strong>Dise\u00f1o Curricular<\/strong><\/a><\/span><\/p>\n\n\n\n<p class=\"has-text-align-center\"><\/p>\n\n\n\n<p><span style=\"font-size: 12pt; color: #000000; font-family: arial,helvetica,sans-serif;\"><\/span><\/p>\n","protected":false},"excerpt":{"rendered":"<p>&nbsp; &nbsp;Profesorado de Biolog\u00eda Resoluci\u00f3n 3605\/22 Duraci\u00f3n: 4 a\u00f1os Turno vespertino: 17.30 a 22:30 hs Acceso a Dise\u00f1o Curricular<\/p>\n","protected":false},"author":681,"featured_media":0,"parent":0,"menu_order":0,"comment_status":"closed","ping_status":"closed","template":"","meta":[],"acf":[],"_links":{"self":[{"href":"https:\/\/uanormal1-bue.infd.edu.ar\/sitio\/wp-json\/wp\/v2\/pages\/1027"}],"collection":[{"href":"https:\/\/uanormal1-bue.infd.edu.ar\/sitio\/wp-json\/wp\/v2\/pages"}],"about":[{"href":"https:\/\/uanormal1-bue.infd.edu.ar\/sitio\/wp-json\/wp\/v2\/types\/page"}],"author":[{"embeddable":true,"href":"https:\/\/uanormal1-bue.infd.edu.ar\/sitio\/wp-json\/wp\/v2\/users\/681"}],"replies":[{"embeddable":true,"href":"https:\/\/uanormal1-bue.infd.edu.ar\/sitio\/wp-json\/wp\/v2\/comments?post=1027"}],"version-history":[{"count":2,"href":"https:\/\/uanormal1-bue.infd.edu.ar\/sitio\/wp-json\/wp\/v2\/pages\/1027\/revisions"}],"predecessor-version":[{"id":5520,"href":"https:\/\/uanormal1-bue.infd.edu.ar\/sitio\/wp-json\/wp\/v2\/pages\/1027\/revisions\/5520"}],"wp:attachment":[{"href":"https:\/\/uanormal1-bue.infd.edu.ar\/sitio\/wp-json\/wp\/v2\/media?parent=1027"}],"curies":[{"name":"wp","href":"https:\/\/api.w.org\/{rel}","templated":true}]}}