{"id":1023,"date":"2018-07-02T18:46:25","date_gmt":"2018-07-02T21:46:25","guid":{"rendered":"https:\/\/uanormal1-bue.infd.edu.ar\/sitio\/nivel-superior\/"},"modified":"2026-03-03T19:59:33","modified_gmt":"2026-03-03T22:59:33","slug":"nivel-superior","status":"publish","type":"page","link":"https:\/\/uanormal1-bue.infd.edu.ar\/sitio\/nivel-superior\/","title":{"rendered":"NIVEL SUPERIOR"},"content":{"rendered":"<h1><span style=\"font-size: 18pt; color: #333300;\"><span lang=\"ES-TRAD\" style=\"font-family: arial,helvetica,sans-serif;\"><strong>Instituto Superior de Formaci\u00f3n Docente N\u00b0 95<\/strong><\/span><\/span><\/h1>\n<h5><strong>Equipo de Gesti\u00f3n:<\/strong><\/h5>\n<ul>\n<li>Roc\u00edo Oviedo- Secretaria<\/li>\n<li>Mariana Cuesta &#8211; Regente<\/li>\n<li>Pablo Ardenghi &#8211; Jefe de \u00c1rea<\/li>\n<li>Ver\u00f3nica Lavore &#8211; Jefa de \u00c1rea<\/li>\n<\/ul>\n<h5><strong>Equipo de Preceptores:<\/strong><\/h5>\n<ul>\n<li>Gladis Avolio<\/li>\n<li>Liliana Vigolo<\/li>\n<li>Gustavo Martin<\/li>\n<li>Juan Andrade<\/li>\n<li>Gustavo Latorre<\/li>\n<\/ul>\n<h5>Contacto:<\/h5>\n<p><span lang=\"ES-TRAD\">E-mail: isfd95laplata@abc.gob.ar <\/span><\/p>\n<p>Secretar\u00eda: secretaria.isfd95@gmail.com<\/p>\n<p>Regencia: regencia.isfd95@gmail.com<\/p>\n<p><span lang=\"ES-TRAD\">Tel\u00e9fono: (0221) 483-0891<\/span><\/p>\n<p><span lang=\"ES-TRAD\">Horarios de atenci\u00f3n: 13 a 21 hs.\u00a0<\/span><\/p>\n<p><span lang=\"ES-TRAD\"><span lang=\"ES-TRAD\">Direcci\u00f3n: Av. 51 N\u00b0 975 entre 14 y 15 &#8211; CP 1900<\/span><\/span><\/p>\n<p><iframe loading=\"lazy\" src=\"https:\/\/www.google.com\/maps\/d\/u\/1\/embed?mid=1Zr_ik2HvFxNfrWAObnA8tLWmvNCASYbw\" width=\"640\" height=\"480\"><\/iframe><\/p>\n<p class=\"MsoNormal\" style=\"margin: 0cm 0cm 0pt; text-align: right;\">Pagina actualizada el 27\/4\/2021<\/p>\n","protected":false},"excerpt":{"rendered":"<p>Instituto Superior de Formaci\u00f3n Docente N\u00b0 95 Equipo de Gesti\u00f3n: Roc\u00edo Oviedo- Secretaria Mariana Cuesta &#8211; Regente Pablo Ardenghi &#8211; Jefe de \u00c1rea Ver\u00f3nica Lavore &#8211; Jefa de \u00c1rea Equipo de Preceptores: Gladis Avolio Liliana Vigolo Gustavo Martin Juan Andrade Gustavo Latorre Contacto: E-mail: isfd95laplata@abc.gob.ar Secretar\u00eda: secretaria.isfd95@gmail.com Regencia: regencia.isfd95@gmail.com Tel\u00e9fono: (0221) 483-0891 Horarios de atenci\u00f3n: &#8230; <a title=\"NIVEL SUPERIOR\" class=\"read-more\" href=\"https:\/\/uanormal1-bue.infd.edu.ar\/sitio\/nivel-superior\/\" aria-label=\"More on NIVEL SUPERIOR\">[+]<\/a><\/p>\n","protected":false},"author":681,"featured_media":0,"parent":0,"menu_order":0,"comment_status":"closed","ping_status":"closed","template":"","meta":[],"acf":[],"_links":{"self":[{"href":"https:\/\/uanormal1-bue.infd.edu.ar\/sitio\/wp-json\/wp\/v2\/pages\/1023"}],"collection":[{"href":"https:\/\/uanormal1-bue.infd.edu.ar\/sitio\/wp-json\/wp\/v2\/pages"}],"about":[{"href":"https:\/\/uanormal1-bue.infd.edu.ar\/sitio\/wp-json\/wp\/v2\/types\/page"}],"author":[{"embeddable":true,"href":"https:\/\/uanormal1-bue.infd.edu.ar\/sitio\/wp-json\/wp\/v2\/users\/681"}],"replies":[{"embeddable":true,"href":"https:\/\/uanormal1-bue.infd.edu.ar\/sitio\/wp-json\/wp\/v2\/comments?post=1023"}],"version-history":[{"count":35,"href":"https:\/\/uanormal1-bue.infd.edu.ar\/sitio\/wp-json\/wp\/v2\/pages\/1023\/revisions"}],"predecessor-version":[{"id":6292,"href":"https:\/\/uanormal1-bue.infd.edu.ar\/sitio\/wp-json\/wp\/v2\/pages\/1023\/revisions\/6292"}],"wp:attachment":[{"href":"https:\/\/uanormal1-bue.infd.edu.ar\/sitio\/wp-json\/wp\/v2\/media?parent=1023"}],"curies":[{"name":"wp","href":"https:\/\/api.w.org\/{rel}","templated":true}]}}